{"id":14299,"date":"2023-02-16T10:35:55","date_gmt":"2023-02-16T10:35:55","guid":{"rendered":"https:\/\/arcasarbasal.com\/product\/senza-categoria\/pa1610f\/"},"modified":"2024-01-17T09:27:36","modified_gmt":"2024-01-17T09:27:36","slug":"pa1610f","status":"publish","type":"product","link":"https:\/\/arcasarbasal.com\/it\/armadi-per-armi-certificati\/piastre-di-ancoraggio\/pa1610f\/","title":{"rendered":"Piastra di ancoraggio PA1610F"},"content":{"rendered":"\t\t<div data-elementor-type=\"wp-post\" data-elementor-id=\"14299\" class=\"elementor elementor-14299 elementor-8854\">\n\t\t\t\t\t\t<section class=\"wd-negative-gap elementor-section elementor-top-section elementor-element elementor-element-4b00a2b elementor-section-boxed elementor-section-height-default elementor-section-height-default\" data-id=\"4b00a2b\" data-element_type=\"section\" data-e-type=\"section\">\n\t\t\t\t\t\t<div class=\"elementor-container elementor-column-gap-default\">\n\t\t\t\t\t<div class=\"elementor-column elementor-col-50 elementor-top-column elementor-element elementor-element-944d8f9\" data-id=\"944d8f9\" data-element_type=\"column\" data-e-type=\"column\">\n\t\t\t<div class=\"elementor-widget-wrap elementor-element-populated\">\n\t\t\t\t\t\t<div class=\"elementor-element elementor-element-7f93e8b elementor-widget elementor-widget-wd_text_block\" data-id=\"7f93e8b\" data-element_type=\"widget\" data-e-type=\"widget\" data-widget_type=\"wd_text_block.default\">\n\t\t\t\t<div class=\"elementor-widget-container\">\n\t\t\t\t\t\t\t<div class=\"wd-text-block reset-last-child text-left\">\n\t\t\t\n\t\t\t<h2>Piastra di ancoraggio PA1610F<\/h2><p>Caratteristiche della <a href=\"https:\/\/arcasarbasal.com\/placas-de-anclaje-certificadas\/\">\n  <span style=\"text-decoration: underline;\">\n    <strong>Piastra di ancoraggio<\/strong>\n  <\/span>\n<\/a> PA1610F:<\/p><p>Dimensioni esterne: 37 \u00d7 750 \u00d7 660 mm (A x L x P)<\/p><p>Peso: 170 kg<\/p><p>La piastra di ancoraggio per armature \u00e8 progettata per installare in modo sicuro tutte le nostre armature UNE EN 1143-1:2012 e UNE EN 1143-1:2019 Grado 3 e 4.<\/p><p>Tutte le nostre piastre di ancoraggio sono debitamente testate secondo la norma europea UNE EN 108136:2010.<\/p>\n\t\t\t\t\t<\/div>\n\t\t\t\t\t\t<\/div>\n\t\t\t\t<\/div>\n\t\t\t\t\t<\/div>\n\t\t<\/div>\n\t\t\t\t<div class=\"elementor-column elementor-col-50 elementor-top-column elementor-element elementor-element-85253c0\" data-id=\"85253c0\" data-element_type=\"column\" data-e-type=\"column\">\n\t\t\t<div class=\"elementor-widget-wrap elementor-element-populated\">\n\t\t\t\t\t\t<div class=\"elementor-element elementor-element-490833f elementor-widget elementor-widget-wd_text_block\" data-id=\"490833f\" data-element_type=\"widget\" data-e-type=\"widget\" data-widget_type=\"wd_text_block.default\">\n\t\t\t\t<div class=\"elementor-widget-container\">\n\t\t\t\t\t\t\t<div class=\"wd-text-block reset-last-child text-left\">\n\t\t\t\n\t\t\t<p><span style=\"text-decoration: underline;\"><strong><em>Altri dati di interesse<\/em><\/strong><\/span><\/p><p>Arcas Arbasal \u00e8 l'azienda leader nella produzione di tutti i tipi di <a href=\"https:\/\/arcasarbasal.com\/it\/\">\n  <strong>\n    <span style=\"text-decoration: underline;\">Portafucili<\/span>\n  <\/strong>\n<\/a>.<\/p><p>Arcas Arbasal, azienda del <em><strong>Gruppo Gruber<\/strong><\/em> \u00e8 diventata leader nella produzione di <span style=\"text-decoration: underline;\"><a href=\"https:\/\/arcasgruber.com\/cajas-fuertes\/\"><strong>Casseforti<\/strong><\/a><\/span> di ogni tipo.<\/p>\n\t\t\t\t\t<\/div>\n\t\t\t\t\t\t<\/div>\n\t\t\t\t<\/div>\n\t\t\t\t\t<\/div>\n\t\t<\/div>\n\t\t\t\t\t<\/div>\n\t\t<\/section>\n\t\t\t\t<\/div>\n\t\t","protected":false},"excerpt":{"rendered":"<p><strong>Piastra di ancoraggio PA1610F<\/strong>: Dimensioni esterne: 37 x 750 x 660 mm (H x L x P) &#8211; Peso: 170 kg &#8211; Queste piastre di ancoraggio sono certificate per la corretta installazione delle rastrelliere per armi.<\/p>\n","protected":false},"featured_media":13333,"comment_status":"open","ping_status":"closed","template":"","meta":{"_acf_changed":false},"product_brand":[],"product_cat":[118],"product_tag":[],"class_list":{"0":"post-14299","1":"product","2":"type-product","3":"status-publish","4":"has-post-thumbnail","6":"product_cat-piastre-di-ancoraggio","8":"first","9":"instock","10":"taxable","11":"shipping-taxable","12":"purchasable","13":"product-type-simple"},"acf":[],"yoast_head":"<!-- This site is optimized with the Yoast SEO plugin v27.4 - https:\/\/yoast.com\/product\/yoast-seo-wordpress\/ -->\n<title>Piastra di ancoraggio PA1610F | Arcas Arbasal \u00ae<\/title>\n<meta name=\"description\" content=\"Piastra di ancoraggio PA1610F: Dimensioni esterne: 37 x 750 x660 mm (A x L x P) - Peso: 170 kg - Piastre di ancoraggio certificate\" \/>\n<meta name=\"robots\" content=\"index, follow, max-snippet:-1, max-image-preview:large, max-video-preview:-1\" \/>\n<link rel=\"canonical\" href=\"https:\/\/arcasarbasal.com\/it\/armadi-per-armi-certificati\/piastre-di-ancoraggio\/pa1610f\/\" \/>\n<meta property=\"og:locale\" content=\"it_IT\" \/>\n<meta property=\"og:type\" content=\"article\" \/>\n<meta property=\"og:title\" content=\"Piastra di ancoraggio PA1610F | Arcas Arbasal \u00ae\" \/>\n<meta property=\"og:description\" content=\"Piastra di ancoraggio PA1610F: Dimensioni esterne: 37 x 750 x660 mm (A x L x P) - Peso: 170 kg - Piastre di ancoraggio certificate\" \/>\n<meta property=\"og:url\" content=\"https:\/\/arcasarbasal.com\/it\/armadi-per-armi-certificati\/piastre-di-ancoraggio\/pa1610f\/\" \/>\n<meta property=\"og:site_name\" content=\"Arcas Arbasal \u2013 Fabricante de dep\u00f3sitos de armas certificados\" \/>\n<meta property=\"article:publisher\" content=\"https:\/\/www.facebook.com\/arcasgruber\" \/>\n<meta property=\"article:modified_time\" content=\"2024-01-17T09:27:36+00:00\" \/>\n<meta property=\"og:image\" content=\"https:\/\/arcasarbasal.com\/wp-content\/uploads\/2023\/03\/PLACA-DE-ANCLAJE.jpg\" \/>\n\t<meta property=\"og:image:width\" content=\"1457\" \/>\n\t<meta property=\"og:image:height\" content=\"1456\" \/>\n\t<meta property=\"og:image:type\" content=\"image\/jpeg\" \/>\n<meta name=\"twitter:card\" content=\"summary_large_image\" \/>\n<script type=\"application\/ld+json\" class=\"yoast-schema-graph\">{\"@context\":\"https:\\\/\\\/schema.org\",\"@graph\":[{\"@type\":\"WebPage\",\"@id\":\"https:\\\/\\\/arcasarbasal.com\\\/it\\\/armadi-per-armi-certificati\\\/piastre-di-ancoraggio\\\/pa1610f\\\/\",\"url\":\"https:\\\/\\\/arcasarbasal.com\\\/it\\\/armadi-per-armi-certificati\\\/piastre-di-ancoraggio\\\/pa1610f\\\/\",\"name\":\"Piastra di ancoraggio PA1610F | Arcas Arbasal \u00ae\",\"isPartOf\":{\"@id\":\"https:\\\/\\\/arcasarbasal.com\\\/it\\\/#website\"},\"primaryImageOfPage\":{\"@id\":\"https:\\\/\\\/arcasarbasal.com\\\/it\\\/armadi-per-armi-certificati\\\/piastre-di-ancoraggio\\\/pa1610f\\\/#primaryimage\"},\"image\":{\"@id\":\"https:\\\/\\\/arcasarbasal.com\\\/it\\\/armadi-per-armi-certificati\\\/piastre-di-ancoraggio\\\/pa1610f\\\/#primaryimage\"},\"thumbnailUrl\":\"https:\\\/\\\/arcasarbasal.com\\\/wp-content\\\/uploads\\\/2023\\\/03\\\/PLACA-DE-ANCLAJE.jpg\",\"datePublished\":\"2023-02-16T10:35:55+00:00\",\"dateModified\":\"2024-01-17T09:27:36+00:00\",\"description\":\"Piastra di ancoraggio PA1610F: Dimensioni esterne: 37 x 750 x660 mm (A x L x P) - Peso: 170 kg - Piastre di ancoraggio certificate\",\"breadcrumb\":{\"@id\":\"https:\\\/\\\/arcasarbasal.com\\\/it\\\/armadi-per-armi-certificati\\\/piastre-di-ancoraggio\\\/pa1610f\\\/#breadcrumb\"},\"inLanguage\":\"it-IT\",\"potentialAction\":[{\"@type\":\"ReadAction\",\"target\":[\"https:\\\/\\\/arcasarbasal.com\\\/it\\\/armadi-per-armi-certificati\\\/piastre-di-ancoraggio\\\/pa1610f\\\/\"]}]},{\"@type\":\"ImageObject\",\"inLanguage\":\"it-IT\",\"@id\":\"https:\\\/\\\/arcasarbasal.com\\\/it\\\/armadi-per-armi-certificati\\\/piastre-di-ancoraggio\\\/pa1610f\\\/#primaryimage\",\"url\":\"https:\\\/\\\/arcasarbasal.com\\\/wp-content\\\/uploads\\\/2023\\\/03\\\/PLACA-DE-ANCLAJE.jpg\",\"contentUrl\":\"https:\\\/\\\/arcasarbasal.com\\\/wp-content\\\/uploads\\\/2023\\\/03\\\/PLACA-DE-ANCLAJE.jpg\",\"width\":1457,\"height\":1456,\"caption\":\"Bases de fixation - Piastre di ancoraggio\"},{\"@type\":\"BreadcrumbList\",\"@id\":\"https:\\\/\\\/arcasarbasal.com\\\/it\\\/armadi-per-armi-certificati\\\/piastre-di-ancoraggio\\\/pa1610f\\\/#breadcrumb\",\"itemListElement\":[{\"@type\":\"ListItem\",\"position\":1,\"name\":\"Portada\",\"item\":\"https:\\\/\\\/arcasarbasal.com\\\/it\\\/\"},{\"@type\":\"ListItem\",\"position\":2,\"name\":\"Tienda\",\"item\":\"https:\\\/\\\/arcasarbasal.com\\\/tienda\\\/\"},{\"@type\":\"ListItem\",\"position\":3,\"name\":\"Piastra di ancoraggio PA1610F\"}]},{\"@type\":\"WebSite\",\"@id\":\"https:\\\/\\\/arcasarbasal.com\\\/it\\\/#website\",\"url\":\"https:\\\/\\\/arcasarbasal.com\\\/it\\\/\",\"name\":\"Arcas Arbasal\",\"description\":\"Arcas Arbasal, especialistas en la Fabricaci\u00f3n de dep\u00f3sitos de armas certificados. Cumplimos con las normativas europeas para garantizar la m\u00e1xima protecci\u00f3n.\",\"publisher\":{\"@id\":\"https:\\\/\\\/arcasarbasal.com\\\/it\\\/#organization\"},\"potentialAction\":[{\"@type\":\"SearchAction\",\"target\":{\"@type\":\"EntryPoint\",\"urlTemplate\":\"https:\\\/\\\/arcasarbasal.com\\\/it\\\/?s={search_term_string}\"},\"query-input\":{\"@type\":\"PropertyValueSpecification\",\"valueRequired\":true,\"valueName\":\"search_term_string\"}}],\"inLanguage\":\"it-IT\"},{\"@type\":\"Organization\",\"@id\":\"https:\\\/\\\/arcasarbasal.com\\\/it\\\/#organization\",\"name\":\"Arcas Arbasal\",\"url\":\"https:\\\/\\\/arcasarbasal.com\\\/it\\\/\",\"logo\":{\"@type\":\"ImageObject\",\"inLanguage\":\"it-IT\",\"@id\":\"https:\\\/\\\/arcasarbasal.com\\\/it\\\/#\\\/schema\\\/logo\\\/image\\\/\",\"url\":\"https:\\\/\\\/arcasarbasal.com\\\/wp-content\\\/uploads\\\/2026\\\/02\\\/logo-arbasal-letras.png\",\"contentUrl\":\"https:\\\/\\\/arcasarbasal.com\\\/wp-content\\\/uploads\\\/2026\\\/02\\\/logo-arbasal-letras.png\",\"width\":1344,\"height\":768,\"caption\":\"Arcas Arbasal\"},\"image\":{\"@id\":\"https:\\\/\\\/arcasarbasal.com\\\/it\\\/#\\\/schema\\\/logo\\\/image\\\/\"},\"sameAs\":[\"https:\\\/\\\/www.facebook.com\\\/arcasgruber\"]}]}<\/script>\n<!-- \/ Yoast SEO plugin. -->","yoast_head_json":{"title":"Piastra di ancoraggio PA1610F | Arcas Arbasal \u00ae","description":"Piastra di ancoraggio PA1610F: Dimensioni esterne: 37 x 750 x660 mm (A x L x P) - Peso: 170 kg - Piastre di ancoraggio certificate","robots":{"index":"index","follow":"follow","max-snippet":"max-snippet:-1","max-image-preview":"max-image-preview:large","max-video-preview":"max-video-preview:-1"},"canonical":"https:\/\/arcasarbasal.com\/it\/armadi-per-armi-certificati\/piastre-di-ancoraggio\/pa1610f\/","og_locale":"it_IT","og_type":"article","og_title":"Piastra di ancoraggio PA1610F | Arcas Arbasal \u00ae","og_description":"Piastra di ancoraggio PA1610F: Dimensioni esterne: 37 x 750 x660 mm (A x L x P) - Peso: 170 kg - Piastre di ancoraggio certificate","og_url":"https:\/\/arcasarbasal.com\/it\/armadi-per-armi-certificati\/piastre-di-ancoraggio\/pa1610f\/","og_site_name":"Arcas Arbasal \u2013 Fabricante de dep\u00f3sitos de armas certificados","article_publisher":"https:\/\/www.facebook.com\/arcasgruber","article_modified_time":"2024-01-17T09:27:36+00:00","og_image":[{"width":1457,"height":1456,"url":"https:\/\/arcasarbasal.com\/wp-content\/uploads\/2023\/03\/PLACA-DE-ANCLAJE.jpg","type":"image\/jpeg"}],"twitter_card":"summary_large_image","schema":{"@context":"https:\/\/schema.org","@graph":[{"@type":"WebPage","@id":"https:\/\/arcasarbasal.com\/it\/armadi-per-armi-certificati\/piastre-di-ancoraggio\/pa1610f\/","url":"https:\/\/arcasarbasal.com\/it\/armadi-per-armi-certificati\/piastre-di-ancoraggio\/pa1610f\/","name":"Piastra di ancoraggio PA1610F | Arcas Arbasal \u00ae","isPartOf":{"@id":"https:\/\/arcasarbasal.com\/it\/#website"},"primaryImageOfPage":{"@id":"https:\/\/arcasarbasal.com\/it\/armadi-per-armi-certificati\/piastre-di-ancoraggio\/pa1610f\/#primaryimage"},"image":{"@id":"https:\/\/arcasarbasal.com\/it\/armadi-per-armi-certificati\/piastre-di-ancoraggio\/pa1610f\/#primaryimage"},"thumbnailUrl":"https:\/\/arcasarbasal.com\/wp-content\/uploads\/2023\/03\/PLACA-DE-ANCLAJE.jpg","datePublished":"2023-02-16T10:35:55+00:00","dateModified":"2024-01-17T09:27:36+00:00","description":"Piastra di ancoraggio PA1610F: Dimensioni esterne: 37 x 750 x660 mm (A x L x P) - Peso: 170 kg - Piastre di ancoraggio certificate","breadcrumb":{"@id":"https:\/\/arcasarbasal.com\/it\/armadi-per-armi-certificati\/piastre-di-ancoraggio\/pa1610f\/#breadcrumb"},"inLanguage":"it-IT","potentialAction":[{"@type":"ReadAction","target":["https:\/\/arcasarbasal.com\/it\/armadi-per-armi-certificati\/piastre-di-ancoraggio\/pa1610f\/"]}]},{"@type":"ImageObject","inLanguage":"it-IT","@id":"https:\/\/arcasarbasal.com\/it\/armadi-per-armi-certificati\/piastre-di-ancoraggio\/pa1610f\/#primaryimage","url":"https:\/\/arcasarbasal.com\/wp-content\/uploads\/2023\/03\/PLACA-DE-ANCLAJE.jpg","contentUrl":"https:\/\/arcasarbasal.com\/wp-content\/uploads\/2023\/03\/PLACA-DE-ANCLAJE.jpg","width":1457,"height":1456,"caption":"Bases de fixation - Piastre di ancoraggio"},{"@type":"BreadcrumbList","@id":"https:\/\/arcasarbasal.com\/it\/armadi-per-armi-certificati\/piastre-di-ancoraggio\/pa1610f\/#breadcrumb","itemListElement":[{"@type":"ListItem","position":1,"name":"Portada","item":"https:\/\/arcasarbasal.com\/it\/"},{"@type":"ListItem","position":2,"name":"Tienda","item":"https:\/\/arcasarbasal.com\/tienda\/"},{"@type":"ListItem","position":3,"name":"Piastra di ancoraggio PA1610F"}]},{"@type":"WebSite","@id":"https:\/\/arcasarbasal.com\/it\/#website","url":"https:\/\/arcasarbasal.com\/it\/","name":"Arcas Arbasal","description":"Arcas Arbasal, especialistas en la Fabricaci\u00f3n de dep\u00f3sitos de armas certificados. Cumplimos con las normativas europeas para garantizar la m\u00e1xima protecci\u00f3n.","publisher":{"@id":"https:\/\/arcasarbasal.com\/it\/#organization"},"potentialAction":[{"@type":"SearchAction","target":{"@type":"EntryPoint","urlTemplate":"https:\/\/arcasarbasal.com\/it\/?s={search_term_string}"},"query-input":{"@type":"PropertyValueSpecification","valueRequired":true,"valueName":"search_term_string"}}],"inLanguage":"it-IT"},{"@type":"Organization","@id":"https:\/\/arcasarbasal.com\/it\/#organization","name":"Arcas Arbasal","url":"https:\/\/arcasarbasal.com\/it\/","logo":{"@type":"ImageObject","inLanguage":"it-IT","@id":"https:\/\/arcasarbasal.com\/it\/#\/schema\/logo\/image\/","url":"https:\/\/arcasarbasal.com\/wp-content\/uploads\/2026\/02\/logo-arbasal-letras.png","contentUrl":"https:\/\/arcasarbasal.com\/wp-content\/uploads\/2026\/02\/logo-arbasal-letras.png","width":1344,"height":768,"caption":"Arcas Arbasal"},"image":{"@id":"https:\/\/arcasarbasal.com\/it\/#\/schema\/logo\/image\/"},"sameAs":["https:\/\/www.facebook.com\/arcasgruber"]}]}},"_links":{"self":[{"href":"https:\/\/arcasarbasal.com\/it\/wp-json\/wp\/v2\/product\/14299","targetHints":{"allow":["GET"]}}],"collection":[{"href":"https:\/\/arcasarbasal.com\/it\/wp-json\/wp\/v2\/product"}],"about":[{"href":"https:\/\/arcasarbasal.com\/it\/wp-json\/wp\/v2\/types\/product"}],"replies":[{"embeddable":true,"href":"https:\/\/arcasarbasal.com\/it\/wp-json\/wp\/v2\/comments?post=14299"}],"version-history":[{"count":0,"href":"https:\/\/arcasarbasal.com\/it\/wp-json\/wp\/v2\/product\/14299\/revisions"}],"wp:featuredmedia":[{"embeddable":true,"href":"https:\/\/arcasarbasal.com\/it\/wp-json\/wp\/v2\/media\/13333"}],"wp:attachment":[{"href":"https:\/\/arcasarbasal.com\/it\/wp-json\/wp\/v2\/media?parent=14299"}],"wp:term":[{"taxonomy":"product_brand","embeddable":true,"href":"https:\/\/arcasarbasal.com\/it\/wp-json\/wp\/v2\/product_brand?post=14299"},{"taxonomy":"product_cat","embeddable":true,"href":"https:\/\/arcasarbasal.com\/it\/wp-json\/wp\/v2\/product_cat?post=14299"},{"taxonomy":"product_tag","embeddable":true,"href":"https:\/\/arcasarbasal.com\/it\/wp-json\/wp\/v2\/product_tag?post=14299"}],"curies":[{"name":"wp","href":"https:\/\/api.w.org\/{rel}","templated":true}]}}