{"id":14245,"date":"2023-02-16T10:36:03","date_gmt":"2023-02-16T10:36:03","guid":{"rendered":"https:\/\/arcasarbasal.com\/product\/senza-categoria\/tw200v\/"},"modified":"2024-01-17T08:53:12","modified_gmt":"2024-01-17T08:53:12","slug":"tw200v","status":"publish","type":"product","link":"https:\/\/arcasarbasal.com\/it\/sistemi-balistici-blindatura\/porte-corazzate\/tw200v\/","title":{"rendered":"Trampon TW200V"},"content":{"rendered":"\t\t<div data-elementor-type=\"wp-post\" data-elementor-id=\"14245\" class=\"elementor elementor-14245 elementor-8870\">\n\t\t\t\t\t\t<section class=\"wd-negative-gap elementor-section elementor-top-section elementor-element elementor-element-4a60bf0 elementor-section-boxed elementor-section-height-default elementor-section-height-default\" data-id=\"4a60bf0\" data-element_type=\"section\" data-e-type=\"section\">\n\t\t\t\t\t\t<div class=\"elementor-container elementor-column-gap-default\">\n\t\t\t\t\t<div class=\"elementor-column elementor-col-50 elementor-top-column elementor-element elementor-element-91b2862\" data-id=\"91b2862\" data-element_type=\"column\" data-e-type=\"column\">\n\t\t\t<div class=\"elementor-widget-wrap elementor-element-populated\">\n\t\t\t\t\t\t<div class=\"elementor-element elementor-element-d50a0ee elementor-widget elementor-widget-wd_text_block\" data-id=\"d50a0ee\" data-element_type=\"widget\" data-e-type=\"widget\" data-widget_type=\"wd_text_block.default\">\n\t\t\t\t<div class=\"elementor-widget-container\">\n\t\t\t\t\t\t\t<div class=\"wd-text-block reset-last-child text-left\">\n\t\t\t\n\t\t\t<h2>Trampon TW200V<\/h2><p>Caratteristiche <a href=\"https:\/\/arcasarbasal.com\/puertas-acorazadas\/\"><span style=\"text-decoration: underline;\"><strong>Trampon<\/strong><\/span><\/a> TW200V:<\/p><p>Dimensioni esterne: 740 \u00d7 780 \u00d7 200 mm (A x L x P)<\/p><p>Peso: 120 kg<\/p><p>Cardini esterni: destra<\/p><p>Cardini esterni per l\u2019apertura del battente a 200\u00b0<\/p><p><strong>Produzione standard<\/strong><\/p><p>2 Serrature certificate EN 1300 in classe B<\/p><p><strong>Certificazione<\/strong><\/p><p><span style=\"font-size: 14px; background-color: var(--bgcolor-white); color: var(--wd-text-color);\">Grado 5 UNE EN 1143-1<\/span><\/p>\n\t\t\t\t\t<\/div>\n\t\t\t\t\t\t<\/div>\n\t\t\t\t<\/div>\n\t\t\t\t\t<\/div>\n\t\t<\/div>\n\t\t\t\t<div class=\"elementor-column elementor-col-50 elementor-top-column elementor-element elementor-element-355ac0c\" data-id=\"355ac0c\" data-element_type=\"column\" data-e-type=\"column\">\n\t\t\t<div class=\"elementor-widget-wrap elementor-element-populated\">\n\t\t\t\t\t\t<div class=\"elementor-element elementor-element-414cc3d elementor-widget elementor-widget-wd_text_block\" data-id=\"414cc3d\" data-element_type=\"widget\" data-e-type=\"widget\" data-widget_type=\"wd_text_block.default\">\n\t\t\t\t<div class=\"elementor-widget-container\">\n\t\t\t\t\t\t\t<div class=\"wd-text-block reset-last-child text-left\">\n\t\t\t\n\t\t\t<h3 style=\"margin-bottom: var(--wd-tags-mb); font-style: normal; font-variant-ligatures: normal; font-variant-caps: normal; font-weight: var(--wd-entities-title-font-weight); font-family: var(--wd-entities-title-font); text-transform: none; --page-title-display: block;\">Opzioni Trampon TW200 \/ V<\/h3><p><strong>Opzioni di sicurezza<\/strong><\/p><ul><li>Trappole integrate o sciolte<\/li><li>Porta a griglia con telaio<\/li><li>Porta a griglia senza telaio<\/li><li>Porta della griglia rinforzata<\/li><li>Porta a griglia per sifoni da incasso o individuali<\/li><li>Griglia di aerazione fissa<\/li><li>Griglia di ventilazione regolabile da 150 \/ 300 mm<\/li><li>Armatura a parete<\/li><\/ul><p><strong>Opzioni del sistema di chiusura<\/strong><\/p><ul><li>Serratura a chiave + combinazione meccanica<\/li><li>Serratura a chiave + combinazione digitale<\/li><li>Serratura a chiave + combinazione digitale + orario<\/li><\/ul><p><span style=\"text-decoration: underline;\"><strong><em>Altri dati di interesse<\/em><\/strong><\/span><\/p><p>Arcas Arbasal, azienda del <em><strong>Gruppo Gruber<\/strong><\/em> \u00e8 diventata leader nella produzione di <span style=\"text-decoration: underline;\"><a href=\"https:\/\/arcasgruber.com\/cajas-fuertes\/\"><strong>Casseforti<\/strong><\/a><\/span> di ogni tipo.<\/p>\n\t\t\t\t\t<\/div>\n\t\t\t\t\t\t<\/div>\n\t\t\t\t<\/div>\n\t\t\t\t\t<\/div>\n\t\t<\/div>\n\t\t\t\t\t<\/div>\n\t\t<\/section>\n\t\t\t\t<\/div>\n\t\t","protected":false},"excerpt":{"rendered":"<p><strong>Trampon TW200V<\/strong>: Dimensioni esterne: 740 x 780 x 200 mm (A x L x P) &#8211; Peso: 120 kg. Dispone di 3 sistemi di chiusura: Serratura a chiave, Combinazione digitale o Combinazione digitale con ritardo e calendario<\/p>\n","protected":false},"featured_media":13331,"comment_status":"open","ping_status":"closed","template":"","meta":{"_acf_changed":false},"product_brand":[],"product_cat":[127],"product_tag":[],"class_list":{"0":"post-14245","1":"product","2":"type-product","3":"status-publish","4":"has-post-thumbnail","6":"product_cat-porte-corazzate","8":"first","9":"instock","10":"taxable","11":"shipping-taxable","12":"purchasable","13":"product-type-simple"},"acf":[],"yoast_head":"<!-- This site is optimized with the Yoast SEO plugin v27.4 - https:\/\/yoast.com\/product\/yoast-seo-wordpress\/ -->\n<title>Trampon TW200V | Arcas Arbasal \u00ae<\/title>\n<meta name=\"description\" content=\"Trampon TW200V: Dimensioni esterne: 740 x 780 x 200 mm (H x L x P) - Peso: 120kg - Trappole per la robustezza\" \/>\n<meta name=\"robots\" content=\"index, follow, max-snippet:-1, max-image-preview:large, max-video-preview:-1\" \/>\n<link rel=\"canonical\" href=\"https:\/\/arcasarbasal.com\/it\/sistemi-balistici-blindatura\/porte-corazzate\/tw200v\/\" \/>\n<meta property=\"og:locale\" content=\"it_IT\" \/>\n<meta property=\"og:type\" content=\"article\" \/>\n<meta property=\"og:title\" content=\"Trampon TW200V | Arcas Arbasal \u00ae\" \/>\n<meta property=\"og:description\" content=\"Trampon TW200V: Dimensioni esterne: 740 x 780 x 200 mm (H x L x P) - Peso: 120kg - Trappole per la robustezza\" \/>\n<meta property=\"og:url\" content=\"https:\/\/arcasarbasal.com\/it\/sistemi-balistici-blindatura\/porte-corazzate\/tw200v\/\" \/>\n<meta property=\"og:site_name\" content=\"Arcas Arbasal \u2013 Fabricante de dep\u00f3sitos de armas certificados\" \/>\n<meta property=\"article:publisher\" content=\"https:\/\/www.facebook.com\/arcasgruber\" \/>\n<meta property=\"article:modified_time\" content=\"2024-01-17T08:53:12+00:00\" \/>\n<meta property=\"og:image\" content=\"https:\/\/arcasarbasal.com\/wp-content\/uploads\/2023\/02\/Trampon-1.jpg\" \/>\n\t<meta property=\"og:image:width\" content=\"1212\" \/>\n\t<meta property=\"og:image:height\" content=\"1211\" \/>\n\t<meta property=\"og:image:type\" content=\"image\/jpeg\" \/>\n<meta name=\"twitter:card\" content=\"summary_large_image\" \/>\n<meta name=\"twitter:label1\" content=\"Tempo di lettura stimato\" \/>\n\t<meta name=\"twitter:data1\" content=\"1 minuto\" \/>\n<script type=\"application\/ld+json\" class=\"yoast-schema-graph\">{\"@context\":\"https:\\\/\\\/schema.org\",\"@graph\":[{\"@type\":\"WebPage\",\"@id\":\"https:\\\/\\\/arcasarbasal.com\\\/it\\\/sistemi-balistici-blindatura\\\/porte-corazzate\\\/tw200v\\\/\",\"url\":\"https:\\\/\\\/arcasarbasal.com\\\/it\\\/sistemi-balistici-blindatura\\\/porte-corazzate\\\/tw200v\\\/\",\"name\":\"Trampon TW200V | Arcas Arbasal \u00ae\",\"isPartOf\":{\"@id\":\"https:\\\/\\\/arcasarbasal.com\\\/it\\\/#website\"},\"primaryImageOfPage\":{\"@id\":\"https:\\\/\\\/arcasarbasal.com\\\/it\\\/sistemi-balistici-blindatura\\\/porte-corazzate\\\/tw200v\\\/#primaryimage\"},\"image\":{\"@id\":\"https:\\\/\\\/arcasarbasal.com\\\/it\\\/sistemi-balistici-blindatura\\\/porte-corazzate\\\/tw200v\\\/#primaryimage\"},\"thumbnailUrl\":\"https:\\\/\\\/arcasarbasal.com\\\/wp-content\\\/uploads\\\/2023\\\/02\\\/Trampon-1.jpg\",\"datePublished\":\"2023-02-16T10:36:03+00:00\",\"dateModified\":\"2024-01-17T08:53:12+00:00\",\"description\":\"Trampon TW200V: Dimensioni esterne: 740 x 780 x 200 mm (H x L x P) - Peso: 120kg - Trappole per la robustezza\",\"breadcrumb\":{\"@id\":\"https:\\\/\\\/arcasarbasal.com\\\/it\\\/sistemi-balistici-blindatura\\\/porte-corazzate\\\/tw200v\\\/#breadcrumb\"},\"inLanguage\":\"it-IT\",\"potentialAction\":[{\"@type\":\"ReadAction\",\"target\":[\"https:\\\/\\\/arcasarbasal.com\\\/it\\\/sistemi-balistici-blindatura\\\/porte-corazzate\\\/tw200v\\\/\"]}]},{\"@type\":\"ImageObject\",\"inLanguage\":\"it-IT\",\"@id\":\"https:\\\/\\\/arcasarbasal.com\\\/it\\\/sistemi-balistici-blindatura\\\/porte-corazzate\\\/tw200v\\\/#primaryimage\",\"url\":\"https:\\\/\\\/arcasarbasal.com\\\/wp-content\\\/uploads\\\/2023\\\/02\\\/Trampon-1.jpg\",\"contentUrl\":\"https:\\\/\\\/arcasarbasal.com\\\/wp-content\\\/uploads\\\/2023\\\/02\\\/Trampon-1.jpg\",\"width\":1212,\"height\":1211},{\"@type\":\"BreadcrumbList\",\"@id\":\"https:\\\/\\\/arcasarbasal.com\\\/it\\\/sistemi-balistici-blindatura\\\/porte-corazzate\\\/tw200v\\\/#breadcrumb\",\"itemListElement\":[{\"@type\":\"ListItem\",\"position\":1,\"name\":\"Portada\",\"item\":\"https:\\\/\\\/arcasarbasal.com\\\/it\\\/\"},{\"@type\":\"ListItem\",\"position\":2,\"name\":\"Tienda\",\"item\":\"https:\\\/\\\/arcasarbasal.com\\\/tienda\\\/\"},{\"@type\":\"ListItem\",\"position\":3,\"name\":\"Trampon TW200V\"}]},{\"@type\":\"WebSite\",\"@id\":\"https:\\\/\\\/arcasarbasal.com\\\/it\\\/#website\",\"url\":\"https:\\\/\\\/arcasarbasal.com\\\/it\\\/\",\"name\":\"Arcas Arbasal\",\"description\":\"Arcas Arbasal, especialistas en la Fabricaci\u00f3n de dep\u00f3sitos de armas certificados. Cumplimos con las normativas europeas para garantizar la m\u00e1xima protecci\u00f3n.\",\"publisher\":{\"@id\":\"https:\\\/\\\/arcasarbasal.com\\\/it\\\/#organization\"},\"potentialAction\":[{\"@type\":\"SearchAction\",\"target\":{\"@type\":\"EntryPoint\",\"urlTemplate\":\"https:\\\/\\\/arcasarbasal.com\\\/it\\\/?s={search_term_string}\"},\"query-input\":{\"@type\":\"PropertyValueSpecification\",\"valueRequired\":true,\"valueName\":\"search_term_string\"}}],\"inLanguage\":\"it-IT\"},{\"@type\":\"Organization\",\"@id\":\"https:\\\/\\\/arcasarbasal.com\\\/it\\\/#organization\",\"name\":\"Arcas Arbasal\",\"url\":\"https:\\\/\\\/arcasarbasal.com\\\/it\\\/\",\"logo\":{\"@type\":\"ImageObject\",\"inLanguage\":\"it-IT\",\"@id\":\"https:\\\/\\\/arcasarbasal.com\\\/it\\\/#\\\/schema\\\/logo\\\/image\\\/\",\"url\":\"https:\\\/\\\/arcasarbasal.com\\\/wp-content\\\/uploads\\\/2026\\\/02\\\/logo-arbasal-letras.png\",\"contentUrl\":\"https:\\\/\\\/arcasarbasal.com\\\/wp-content\\\/uploads\\\/2026\\\/02\\\/logo-arbasal-letras.png\",\"width\":1344,\"height\":768,\"caption\":\"Arcas Arbasal\"},\"image\":{\"@id\":\"https:\\\/\\\/arcasarbasal.com\\\/it\\\/#\\\/schema\\\/logo\\\/image\\\/\"},\"sameAs\":[\"https:\\\/\\\/www.facebook.com\\\/arcasgruber\"]}]}<\/script>\n<!-- \/ Yoast SEO plugin. -->","yoast_head_json":{"title":"Trampon TW200V | Arcas Arbasal \u00ae","description":"Trampon TW200V: Dimensioni esterne: 740 x 780 x 200 mm (H x L x P) - Peso: 120kg - Trappole per la robustezza","robots":{"index":"index","follow":"follow","max-snippet":"max-snippet:-1","max-image-preview":"max-image-preview:large","max-video-preview":"max-video-preview:-1"},"canonical":"https:\/\/arcasarbasal.com\/it\/sistemi-balistici-blindatura\/porte-corazzate\/tw200v\/","og_locale":"it_IT","og_type":"article","og_title":"Trampon TW200V | Arcas Arbasal \u00ae","og_description":"Trampon TW200V: Dimensioni esterne: 740 x 780 x 200 mm (H x L x P) - Peso: 120kg - Trappole per la robustezza","og_url":"https:\/\/arcasarbasal.com\/it\/sistemi-balistici-blindatura\/porte-corazzate\/tw200v\/","og_site_name":"Arcas Arbasal \u2013 Fabricante de dep\u00f3sitos de armas certificados","article_publisher":"https:\/\/www.facebook.com\/arcasgruber","article_modified_time":"2024-01-17T08:53:12+00:00","og_image":[{"width":1212,"height":1211,"url":"https:\/\/arcasarbasal.com\/wp-content\/uploads\/2023\/02\/Trampon-1.jpg","type":"image\/jpeg"}],"twitter_card":"summary_large_image","twitter_misc":{"Tempo di lettura stimato":"1 minuto"},"schema":{"@context":"https:\/\/schema.org","@graph":[{"@type":"WebPage","@id":"https:\/\/arcasarbasal.com\/it\/sistemi-balistici-blindatura\/porte-corazzate\/tw200v\/","url":"https:\/\/arcasarbasal.com\/it\/sistemi-balistici-blindatura\/porte-corazzate\/tw200v\/","name":"Trampon TW200V | Arcas Arbasal \u00ae","isPartOf":{"@id":"https:\/\/arcasarbasal.com\/it\/#website"},"primaryImageOfPage":{"@id":"https:\/\/arcasarbasal.com\/it\/sistemi-balistici-blindatura\/porte-corazzate\/tw200v\/#primaryimage"},"image":{"@id":"https:\/\/arcasarbasal.com\/it\/sistemi-balistici-blindatura\/porte-corazzate\/tw200v\/#primaryimage"},"thumbnailUrl":"https:\/\/arcasarbasal.com\/wp-content\/uploads\/2023\/02\/Trampon-1.jpg","datePublished":"2023-02-16T10:36:03+00:00","dateModified":"2024-01-17T08:53:12+00:00","description":"Trampon TW200V: Dimensioni esterne: 740 x 780 x 200 mm (H x L x P) - Peso: 120kg - Trappole per la robustezza","breadcrumb":{"@id":"https:\/\/arcasarbasal.com\/it\/sistemi-balistici-blindatura\/porte-corazzate\/tw200v\/#breadcrumb"},"inLanguage":"it-IT","potentialAction":[{"@type":"ReadAction","target":["https:\/\/arcasarbasal.com\/it\/sistemi-balistici-blindatura\/porte-corazzate\/tw200v\/"]}]},{"@type":"ImageObject","inLanguage":"it-IT","@id":"https:\/\/arcasarbasal.com\/it\/sistemi-balistici-blindatura\/porte-corazzate\/tw200v\/#primaryimage","url":"https:\/\/arcasarbasal.com\/wp-content\/uploads\/2023\/02\/Trampon-1.jpg","contentUrl":"https:\/\/arcasarbasal.com\/wp-content\/uploads\/2023\/02\/Trampon-1.jpg","width":1212,"height":1211},{"@type":"BreadcrumbList","@id":"https:\/\/arcasarbasal.com\/it\/sistemi-balistici-blindatura\/porte-corazzate\/tw200v\/#breadcrumb","itemListElement":[{"@type":"ListItem","position":1,"name":"Portada","item":"https:\/\/arcasarbasal.com\/it\/"},{"@type":"ListItem","position":2,"name":"Tienda","item":"https:\/\/arcasarbasal.com\/tienda\/"},{"@type":"ListItem","position":3,"name":"Trampon TW200V"}]},{"@type":"WebSite","@id":"https:\/\/arcasarbasal.com\/it\/#website","url":"https:\/\/arcasarbasal.com\/it\/","name":"Arcas Arbasal","description":"Arcas Arbasal, especialistas en la Fabricaci\u00f3n de dep\u00f3sitos de armas certificados. Cumplimos con las normativas europeas para garantizar la m\u00e1xima protecci\u00f3n.","publisher":{"@id":"https:\/\/arcasarbasal.com\/it\/#organization"},"potentialAction":[{"@type":"SearchAction","target":{"@type":"EntryPoint","urlTemplate":"https:\/\/arcasarbasal.com\/it\/?s={search_term_string}"},"query-input":{"@type":"PropertyValueSpecification","valueRequired":true,"valueName":"search_term_string"}}],"inLanguage":"it-IT"},{"@type":"Organization","@id":"https:\/\/arcasarbasal.com\/it\/#organization","name":"Arcas Arbasal","url":"https:\/\/arcasarbasal.com\/it\/","logo":{"@type":"ImageObject","inLanguage":"it-IT","@id":"https:\/\/arcasarbasal.com\/it\/#\/schema\/logo\/image\/","url":"https:\/\/arcasarbasal.com\/wp-content\/uploads\/2026\/02\/logo-arbasal-letras.png","contentUrl":"https:\/\/arcasarbasal.com\/wp-content\/uploads\/2026\/02\/logo-arbasal-letras.png","width":1344,"height":768,"caption":"Arcas Arbasal"},"image":{"@id":"https:\/\/arcasarbasal.com\/it\/#\/schema\/logo\/image\/"},"sameAs":["https:\/\/www.facebook.com\/arcasgruber"]}]}},"_links":{"self":[{"href":"https:\/\/arcasarbasal.com\/it\/wp-json\/wp\/v2\/product\/14245","targetHints":{"allow":["GET"]}}],"collection":[{"href":"https:\/\/arcasarbasal.com\/it\/wp-json\/wp\/v2\/product"}],"about":[{"href":"https:\/\/arcasarbasal.com\/it\/wp-json\/wp\/v2\/types\/product"}],"replies":[{"embeddable":true,"href":"https:\/\/arcasarbasal.com\/it\/wp-json\/wp\/v2\/comments?post=14245"}],"version-history":[{"count":0,"href":"https:\/\/arcasarbasal.com\/it\/wp-json\/wp\/v2\/product\/14245\/revisions"}],"wp:featuredmedia":[{"embeddable":true,"href":"https:\/\/arcasarbasal.com\/it\/wp-json\/wp\/v2\/media\/13331"}],"wp:attachment":[{"href":"https:\/\/arcasarbasal.com\/it\/wp-json\/wp\/v2\/media?parent=14245"}],"wp:term":[{"taxonomy":"product_brand","embeddable":true,"href":"https:\/\/arcasarbasal.com\/it\/wp-json\/wp\/v2\/product_brand?post=14245"},{"taxonomy":"product_cat","embeddable":true,"href":"https:\/\/arcasarbasal.com\/it\/wp-json\/wp\/v2\/product_cat?post=14245"},{"taxonomy":"product_tag","embeddable":true,"href":"https:\/\/arcasarbasal.com\/it\/wp-json\/wp\/v2\/product_tag?post=14245"}],"curies":[{"name":"wp","href":"https:\/\/api.w.org\/{rel}","templated":true}]}}