{"id":15846,"date":"2023-01-31T17:07:30","date_gmt":"2023-01-31T17:07:30","guid":{"rendered":"https:\/\/arcasarbasal.com\/politica-privacidad\/"},"modified":"2024-01-18T08:16:36","modified_gmt":"2024-01-18T08:16:36","slug":"politica-privacidad","status":"publish","type":"page","link":"https:\/\/arcasarbasal.com\/it\/politica-privacidad\/","title":{"rendered":"Informativa sulla privacy"},"content":{"rendered":"\r\n<p>In conformit\u00e0 con le disposizioni della Legge Organica 15\/1999, del 13 dicembre, sulla Protezione dei Dati Personali (LOPD), La informiamo che i Suoi dati saranno inseriti in un archivio sotto la responsabilit\u00e0 di Arcas Gruber, S.A, CIF: A-48000814. e saranno trattati allo scopo di rispondere alla Sua richiesta di informazioni, nonch\u00e9 di fornire supporto informativo per la gestione fiscale, amministrativa, commerciale e contabile dell&#8217;azienda.<\/p>\r\n<p>In caso di rifiuto di fornire i campi contrassegnati come obbligatori, non sar\u00e0 possibile dare seguito alla Sua richiesta di informazioni. Infine, la informiamo che in qualsiasi momento potr\u00e0 esercitare i suoi diritti di accesso, rettifica, cancellazione e opposizione contattando Arcas Gruber, S.A., con sede in Calle Iparraguirre, 52, Bilbao, provincia di Vizcaya, codice postale 48010. Telefono +34 94 421 68 20. E-mail: info@arcasgruber.com<\/p>\r\n<p>L&#8217;utente autorizza espressamente Arcas Gruber, S.A. affinch\u00e9 i dati ottenuti su questo sito web per lo sviluppo delle relazioni commerciali tra le due parti possano essere forniti a societ\u00e0 terze per il miglior espletamento dei loro servizi &#8211; vettori, istituti finanziari, ecc. In tutti i casi saranno quelli strettamente necessari per la specifica attivit\u00e0 da svolgere. Allo stesso modo, l&#8217;utente autorizza Arcas Gruber, S.A. a utilizzare i dati ricevuti per realizzare campagne informative e attivit\u00e0 promozionali di prodotti o servizi che possono essere di interesse per l&#8217;utente.<\/p>\r\n<p>L&#8217;archivio informatico contenente questi dati \u00e8 registrato presso l&#8217;Agenzia Spagnola per la Protezione dei Dati Personali (AGPD), e ci impegniamo a rispettare tutte le specifiche e i requisiti a cui l&#8217;Agenzia \u00e8 obbligata in virt\u00f9 della Legge Organica 15\/1999 sulla Protezione dei Dati Personali:<\/p>\r\n<p>Ottenere i dati in modo lecito.<\/p>\r\n<p>Richiedere l&#8217;autorizzazione ai titolari dei dati, informandoli dell&#8217;origine dei dati in nostro possesso, dell&#8217;identit\u00e0 del responsabile del loro trattamento, dello scopo di questo servizio e dei diritti a cui hanno diritto (informazione, accesso, rettifica e cancellazione).<\/p>\r\n<p>Comunicare, al momento dell&#8217;inserimento dei dati, che questi saranno conservati e trattati con metodi automatizzati per l&#8217;esecuzione dei servizi descritti, mediante almeno un link alla presente PRIVACY POLICY.<\/p>\r\n<p>Che i dati sono adeguati, pertinenti e non eccessivi per lo scopo per cui sono stati ottenuti.<\/p>\r\n<p>Che i dati non saranno utilizzati per scopi diversi da quelli per cui sono stati raccolti e che sono descritti nella presente PRIVACY POLICY.<\/p>\r\n<p>Che i dati vengano cancellati quando non sono pi\u00f9 necessari.<\/p>\r\n<p>Adottare le misure tecniche e organizzative necessarie per garantire la sicurezza di questi dati ed evitare alterazioni, perdite e trattamenti non autorizzati.<\/p>\r\n<p>Nel caso in cui, per qualsiasi motivo, i vostri dati debbano essere trasferiti a una societ\u00e0 terza, sarete obbligati per contratto a informarvi il prima possibile di questo fatto, dello scopo del trasferimento, del fatto che i vostri dati sono stati trasferiti da noi, nonch\u00e9 a continuare a garantire i vostri diritti di accesso, rettifica, cancellazione e opposizione. Se non desiderate che i vostri dati vengano trasmessi a terzi in nessun caso, vi preghiamo di comunicarcelo.<\/p>\r\n<p>Arcas Gruber, S.A. adeguamento alla normativa vigente o per altri motivi, per cui si raccomanda all&#8217;utente di questo sito web di rivedere periodicamente questa pagina, in quanto l&#8217;utilizzo di questo sito da parte dell&#8217;utente sar\u00e0 inteso come accettazione della POLITICA SULLA PRIVACY in vigore in quel momento.<\/p>\r\n<p>Per esercitare i propri diritti in materia di protezione dei dati, l&#8217;utente pu\u00f2 rivolgersi al seguente indirizzo:<\/p>\r\n<p>Nome della societ\u00e0: Arcas Gruber, S.A.<\/p>\r\n<p>Indirizzo dell&#8217;azienda: Calle Iparraguirre, 52 &#8211; 48010 &#8211; Bilbao &#8211; Vizcaya &#8211; Spagna<\/p>\r\n<p>Numero di telefono di contatto: +34 94 421 68 20<\/p>\r\n<p>Indirizzo e-mail: info@arcasgruber.com<\/p>\r\n<p>Nome di dominio per l&#8217;identificazione: www.arcasgruber.com<\/p>\r\n<p>C.I.F. A-48000814<\/p>\r\n","protected":false},"excerpt":{"rendered":"<p>In conformit\u00e0 con le disposizioni della Legge Organica 15\/1999, del 13 dicembre, sulla Protezione dei Dati Personali (LOPD), La informiamo<\/p>\n","protected":false},"author":1,"featured_media":0,"parent":0,"menu_order":0,"comment_status":"closed","ping_status":"open","template":"","meta":{"_acf_changed":false,"footnotes":""},"class_list":["post-15846","page","type-page","status-publish","hentry"],"acf":[],"yoast_head":"<!-- This site is optimized with the Yoast SEO plugin v27.4 - https:\/\/yoast.com\/product\/yoast-seo-wordpress\/ -->\n<title>Informativa sulla privacy - Arcas Arbasal \u2013 Fabricante de dep\u00f3sitos de armas certificados<\/title>\n<meta name=\"robots\" content=\"index, follow, max-snippet:-1, max-image-preview:large, max-video-preview:-1\" \/>\n<link rel=\"canonical\" href=\"https:\/\/arcasarbasal.com\/it\/politica-privacidad\/\" \/>\n<meta property=\"og:locale\" content=\"it_IT\" \/>\n<meta property=\"og:type\" content=\"article\" \/>\n<meta property=\"og:title\" content=\"Informativa sulla privacy - Arcas Arbasal \u2013 Fabricante de dep\u00f3sitos de armas certificados\" \/>\n<meta property=\"og:description\" content=\"In conformit\u00e0 con le disposizioni della Legge Organica 15\/1999, del 13 dicembre, sulla Protezione dei Dati Personali (LOPD), La informiamo\" \/>\n<meta property=\"og:url\" content=\"https:\/\/arcasarbasal.com\/it\/politica-privacidad\/\" \/>\n<meta property=\"og:site_name\" content=\"Arcas Arbasal \u2013 Fabricante de dep\u00f3sitos de armas certificados\" \/>\n<meta property=\"article:publisher\" content=\"https:\/\/www.facebook.com\/arcasgruber\" \/>\n<meta property=\"article:modified_time\" content=\"2024-01-18T08:16:36+00:00\" \/>\n<meta property=\"og:image\" content=\"https:\/\/arcasarbasal.com\/wp-content\/uploads\/2026\/02\/logo-arbasal-letras.png\" \/>\n\t<meta property=\"og:image:width\" content=\"1344\" \/>\n\t<meta property=\"og:image:height\" content=\"768\" \/>\n\t<meta property=\"og:image:type\" content=\"image\/png\" \/>\n<meta name=\"twitter:card\" content=\"summary_large_image\" \/>\n<meta name=\"twitter:label1\" content=\"Tempo di lettura stimato\" \/>\n\t<meta name=\"twitter:data1\" content=\"3 minuti\" \/>\n<script type=\"application\/ld+json\" class=\"yoast-schema-graph\">{\"@context\":\"https:\\\/\\\/schema.org\",\"@graph\":[{\"@type\":\"WebPage\",\"@id\":\"https:\\\/\\\/arcasarbasal.com\\\/it\\\/politica-privacidad\\\/\",\"url\":\"https:\\\/\\\/arcasarbasal.com\\\/it\\\/politica-privacidad\\\/\",\"name\":\"Informativa sulla privacy - Arcas Arbasal \u2013 Fabricante de dep\u00f3sitos de armas certificados\",\"isPartOf\":{\"@id\":\"https:\\\/\\\/arcasarbasal.com\\\/it\\\/#website\"},\"datePublished\":\"2023-01-31T17:07:30+00:00\",\"dateModified\":\"2024-01-18T08:16:36+00:00\",\"breadcrumb\":{\"@id\":\"https:\\\/\\\/arcasarbasal.com\\\/it\\\/politica-privacidad\\\/#breadcrumb\"},\"inLanguage\":\"it-IT\",\"potentialAction\":[{\"@type\":\"ReadAction\",\"target\":[\"https:\\\/\\\/arcasarbasal.com\\\/it\\\/politica-privacidad\\\/\"]}]},{\"@type\":\"BreadcrumbList\",\"@id\":\"https:\\\/\\\/arcasarbasal.com\\\/it\\\/politica-privacidad\\\/#breadcrumb\",\"itemListElement\":[{\"@type\":\"ListItem\",\"position\":1,\"name\":\"Portada\",\"item\":\"https:\\\/\\\/arcasarbasal.com\\\/it\\\/\"},{\"@type\":\"ListItem\",\"position\":2,\"name\":\"Informativa sulla privacy\"}]},{\"@type\":\"WebSite\",\"@id\":\"https:\\\/\\\/arcasarbasal.com\\\/it\\\/#website\",\"url\":\"https:\\\/\\\/arcasarbasal.com\\\/it\\\/\",\"name\":\"Arcas Arbasal\",\"description\":\"Arcas Arbasal, especialistas en la Fabricaci\u00f3n de dep\u00f3sitos de armas certificados. Cumplimos con las normativas europeas para garantizar la m\u00e1xima protecci\u00f3n.\",\"publisher\":{\"@id\":\"https:\\\/\\\/arcasarbasal.com\\\/it\\\/#organization\"},\"potentialAction\":[{\"@type\":\"SearchAction\",\"target\":{\"@type\":\"EntryPoint\",\"urlTemplate\":\"https:\\\/\\\/arcasarbasal.com\\\/it\\\/?s={search_term_string}\"},\"query-input\":{\"@type\":\"PropertyValueSpecification\",\"valueRequired\":true,\"valueName\":\"search_term_string\"}}],\"inLanguage\":\"it-IT\"},{\"@type\":\"Organization\",\"@id\":\"https:\\\/\\\/arcasarbasal.com\\\/it\\\/#organization\",\"name\":\"Arcas Arbasal\",\"url\":\"https:\\\/\\\/arcasarbasal.com\\\/it\\\/\",\"logo\":{\"@type\":\"ImageObject\",\"inLanguage\":\"it-IT\",\"@id\":\"https:\\\/\\\/arcasarbasal.com\\\/it\\\/#\\\/schema\\\/logo\\\/image\\\/\",\"url\":\"https:\\\/\\\/arcasarbasal.com\\\/wp-content\\\/uploads\\\/2026\\\/02\\\/logo-arbasal-letras.png\",\"contentUrl\":\"https:\\\/\\\/arcasarbasal.com\\\/wp-content\\\/uploads\\\/2026\\\/02\\\/logo-arbasal-letras.png\",\"width\":1344,\"height\":768,\"caption\":\"Arcas Arbasal\"},\"image\":{\"@id\":\"https:\\\/\\\/arcasarbasal.com\\\/it\\\/#\\\/schema\\\/logo\\\/image\\\/\"},\"sameAs\":[\"https:\\\/\\\/www.facebook.com\\\/arcasgruber\"]}]}<\/script>\n<!-- \/ Yoast SEO plugin. -->","yoast_head_json":{"title":"Informativa sulla privacy - Arcas Arbasal \u2013 Fabricante de dep\u00f3sitos de armas certificados","robots":{"index":"index","follow":"follow","max-snippet":"max-snippet:-1","max-image-preview":"max-image-preview:large","max-video-preview":"max-video-preview:-1"},"canonical":"https:\/\/arcasarbasal.com\/it\/politica-privacidad\/","og_locale":"it_IT","og_type":"article","og_title":"Informativa sulla privacy - Arcas Arbasal \u2013 Fabricante de dep\u00f3sitos de armas certificados","og_description":"In conformit\u00e0 con le disposizioni della Legge Organica 15\/1999, del 13 dicembre, sulla Protezione dei Dati Personali (LOPD), La informiamo","og_url":"https:\/\/arcasarbasal.com\/it\/politica-privacidad\/","og_site_name":"Arcas Arbasal \u2013 Fabricante de dep\u00f3sitos de armas certificados","article_publisher":"https:\/\/www.facebook.com\/arcasgruber","article_modified_time":"2024-01-18T08:16:36+00:00","og_image":[{"width":1344,"height":768,"url":"https:\/\/arcasarbasal.com\/wp-content\/uploads\/2026\/02\/logo-arbasal-letras.png","type":"image\/png"}],"twitter_card":"summary_large_image","twitter_misc":{"Tempo di lettura stimato":"3 minuti"},"schema":{"@context":"https:\/\/schema.org","@graph":[{"@type":"WebPage","@id":"https:\/\/arcasarbasal.com\/it\/politica-privacidad\/","url":"https:\/\/arcasarbasal.com\/it\/politica-privacidad\/","name":"Informativa sulla privacy - Arcas Arbasal \u2013 Fabricante de dep\u00f3sitos de armas certificados","isPartOf":{"@id":"https:\/\/arcasarbasal.com\/it\/#website"},"datePublished":"2023-01-31T17:07:30+00:00","dateModified":"2024-01-18T08:16:36+00:00","breadcrumb":{"@id":"https:\/\/arcasarbasal.com\/it\/politica-privacidad\/#breadcrumb"},"inLanguage":"it-IT","potentialAction":[{"@type":"ReadAction","target":["https:\/\/arcasarbasal.com\/it\/politica-privacidad\/"]}]},{"@type":"BreadcrumbList","@id":"https:\/\/arcasarbasal.com\/it\/politica-privacidad\/#breadcrumb","itemListElement":[{"@type":"ListItem","position":1,"name":"Portada","item":"https:\/\/arcasarbasal.com\/it\/"},{"@type":"ListItem","position":2,"name":"Informativa sulla privacy"}]},{"@type":"WebSite","@id":"https:\/\/arcasarbasal.com\/it\/#website","url":"https:\/\/arcasarbasal.com\/it\/","name":"Arcas Arbasal","description":"Arcas Arbasal, especialistas en la Fabricaci\u00f3n de dep\u00f3sitos de armas certificados. Cumplimos con las normativas europeas para garantizar la m\u00e1xima protecci\u00f3n.","publisher":{"@id":"https:\/\/arcasarbasal.com\/it\/#organization"},"potentialAction":[{"@type":"SearchAction","target":{"@type":"EntryPoint","urlTemplate":"https:\/\/arcasarbasal.com\/it\/?s={search_term_string}"},"query-input":{"@type":"PropertyValueSpecification","valueRequired":true,"valueName":"search_term_string"}}],"inLanguage":"it-IT"},{"@type":"Organization","@id":"https:\/\/arcasarbasal.com\/it\/#organization","name":"Arcas Arbasal","url":"https:\/\/arcasarbasal.com\/it\/","logo":{"@type":"ImageObject","inLanguage":"it-IT","@id":"https:\/\/arcasarbasal.com\/it\/#\/schema\/logo\/image\/","url":"https:\/\/arcasarbasal.com\/wp-content\/uploads\/2026\/02\/logo-arbasal-letras.png","contentUrl":"https:\/\/arcasarbasal.com\/wp-content\/uploads\/2026\/02\/logo-arbasal-letras.png","width":1344,"height":768,"caption":"Arcas Arbasal"},"image":{"@id":"https:\/\/arcasarbasal.com\/it\/#\/schema\/logo\/image\/"},"sameAs":["https:\/\/www.facebook.com\/arcasgruber"]}]}},"_links":{"self":[{"href":"https:\/\/arcasarbasal.com\/it\/wp-json\/wp\/v2\/pages\/15846","targetHints":{"allow":["GET"]}}],"collection":[{"href":"https:\/\/arcasarbasal.com\/it\/wp-json\/wp\/v2\/pages"}],"about":[{"href":"https:\/\/arcasarbasal.com\/it\/wp-json\/wp\/v2\/types\/page"}],"author":[{"embeddable":true,"href":"https:\/\/arcasarbasal.com\/it\/wp-json\/wp\/v2\/users\/1"}],"replies":[{"embeddable":true,"href":"https:\/\/arcasarbasal.com\/it\/wp-json\/wp\/v2\/comments?post=15846"}],"version-history":[{"count":0,"href":"https:\/\/arcasarbasal.com\/it\/wp-json\/wp\/v2\/pages\/15846\/revisions"}],"wp:attachment":[{"href":"https:\/\/arcasarbasal.com\/it\/wp-json\/wp\/v2\/media?parent=15846"}],"curies":[{"name":"wp","href":"https:\/\/api.w.org\/{rel}","templated":true}]}}