{"id":15828,"date":"2021-10-12T16:27:24","date_gmt":"2021-10-12T16:27:24","guid":{"rendered":"https:\/\/arcasarbasal.com\/contatto-arcas-arbasal\/"},"modified":"2024-01-17T13:02:46","modified_gmt":"2024-01-17T13:02:46","slug":"contatto-arcas-arbasal","status":"publish","type":"page","link":"https:\/\/arcasarbasal.com\/it\/contatto-arcas-arbasal\/","title":{"rendered":"Contatto Arcas Arbasal"},"content":{"rendered":"\t\t<div data-elementor-type=\"wp-page\" data-elementor-id=\"15828\" class=\"elementor elementor-15828 elementor-4439\">\n\t\t\t\t\t\t<section class=\"wd-negative-gap elementor-section elementor-top-section elementor-element elementor-element-3eae2951 wd-section-stretch-content elementor-section-boxed elementor-section-height-default elementor-section-height-default\" data-id=\"3eae2951\" data-element_type=\"section\" data-e-type=\"section\">\n\t\t\t\t\t\t<div class=\"elementor-container elementor-column-gap-no\">\n\t\t\t\t\t<div class=\"elementor-column elementor-col-100 elementor-top-column elementor-element elementor-element-23fe8bcd\" data-id=\"23fe8bcd\" data-element_type=\"column\" data-e-type=\"column\">\n\t\t\t<div class=\"elementor-widget-wrap elementor-element-populated\">\n\t\t\t\t\t\t<div class=\"elementor-element elementor-element-50b0e3b elementor-widget elementor-widget-google_maps\" data-id=\"50b0e3b\" data-element_type=\"widget\" data-e-type=\"widget\" data-widget_type=\"google_maps.default\">\n\t\t\t\t<div class=\"elementor-widget-container\">\n\t\t\t\t\t\t\t<div class=\"elementor-custom-embed\">\n\t\t\t<iframe loading=\"lazy\"\n\t\t\t\t\tsrc=\"https:\/\/maps.google.com\/maps?q=Zumalakarregi%20Kalea%2C%2030%2048903%20Barakaldo%2C%20Bizkaia&#038;t=m&#038;z=16&#038;output=embed&#038;iwloc=near\"\n\t\t\t\t\ttitle=\"Zumalakarregi Kalea, 30 48903 Barakaldo, Bizkaia\"\n\t\t\t\t\taria-label=\"Zumalakarregi Kalea, 30 48903 Barakaldo, Bizkaia\"\n\t\t\t><\/iframe>\n\t\t<\/div>\n\t\t\t\t\t\t<\/div>\n\t\t\t\t<\/div>\n\t\t\t\t\t<\/div>\n\t\t<\/div>\n\t\t\t\t\t<\/div>\n\t\t<\/section>\n\t\t\t\t<section class=\"wd-negative-gap elementor-section elementor-top-section elementor-element elementor-element-1c9344a2 elementor-section-boxed elementor-section-height-default elementor-section-height-default\" data-id=\"1c9344a2\" data-element_type=\"section\" data-e-type=\"section\">\n\t\t\t\t\t\t<div class=\"elementor-container elementor-column-gap-default\">\n\t\t\t\t\t<div class=\"elementor-column elementor-col-50 elementor-top-column elementor-element elementor-element-a4e7846\" data-id=\"a4e7846\" data-element_type=\"column\" data-e-type=\"column\">\n\t\t\t<div class=\"elementor-widget-wrap elementor-element-populated\">\n\t\t\t\t\t\t<div class=\"elementor-element elementor-element-779d5db5 wd-width-100 elementor-widget elementor-widget-wd_title\" data-id=\"779d5db5\" data-element_type=\"widget\" data-e-type=\"widget\" data-widget_type=\"wd_title.default\">\n\t\t\t\t<div class=\"elementor-widget-container\">\n\t\t\t\t\t\t\t<div class=\"title-wrapper wd-set-mb reset-last-child wd-title-color-default wd-title-style-default wd-title-size-default text-left\">\n\n\t\t\t\t\t\t\t\t\t\t\t<div class=\"title-subtitle subtitle-color-default subtitle-style-default wd-fontsize-xs\">\n\t\t\t\t\tDOMANDE\t\t\t\t<\/div>\n\t\t\t\n\t\t\t<div class=\"liner-continer\">\n\t\t\t\t<h4 class=\"woodmart-title-container title wd-fontsize-l\">RISOLVIAMO I PRINCIPALI DUBBI<\/h4> \n\t\t\t\t\t\t\t<\/div>\n\n\t\t\t\t\t<\/div>\n\t\t\t\t\t\t<\/div>\n\t\t\t\t<\/div>\n\t\t\t\t<div class=\"elementor-element elementor-element-22ca346 elementor-widget elementor-widget-wd_accordion\" data-id=\"22ca346\" data-element_type=\"widget\" data-e-type=\"widget\" data-widget_type=\"wd_accordion.default\">\n\t\t\t\t<div class=\"elementor-widget-container\">\n\t\t\t\t\t\n\t\t<div class=\"wd-accordion wd-style-default wd-titles-left wd-opener-pos-right wd-opener-style-arrow\" data-state=\"first\">\n\t\t\t\t\t\t\t\n\t\t\t\t<div class=\"wd-accordion-item\">\n\t\t\t\t\t<div class=\"wd-accordion-title wd-active\" data-accordion-index=\"0\">\n\t\t\t\t\t\t<div class=\"wd-accordion-title-text\">\n\t\t\t\t\t\t\t\t\t\t\t\t\t\t<span>\n\t\t\t\t\t\t\t\tDi quale rastrelliera ho bisogno per conservare le armi?\t\t\t\t\t\t\t<\/span>\n\t\t\t\t\t\t<\/div>\n\t\t\t\t\t\t<span class=\"wd-accordion-opener\"><\/span>\n\t\t\t\t\t<\/div>\n\n\t\t\t\t\t<div class=\"wd-accordion-content wd-entry-content wd-active\" data-accordion-index=\"0\">\n\t\t\t\t\t\t\t\t\t\t\t\t\t\n\t\t\t\t\t\t\t<p>Tutte le nostre rastrelliere per pistole e fucili sono certificate secondo la norma UNE EN 1143-1:2019.<\/p><p>Che cosa significa?<\/p><p>Con il nome di questo standard intendiamo dire che le nostre casseforti sono state testate e certificate secondo i pi\u00f9 recenti standard europei. Ci\u00f2 significa che rispetta rigorosamente i requisiti e le normative per la custodia delle armi da fuoco.<\/p>\n\t\t\t\t\t\t\t\t\t\t\t\t\t\t\t\t\t\t<\/div>\n\t\t\t\t<\/div>\n\t\t\t\t\t\t\t\n\t\t\t\t<div class=\"wd-accordion-item\">\n\t\t\t\t\t<div class=\"wd-accordion-title\" data-accordion-index=\"1\">\n\t\t\t\t\t\t<div class=\"wd-accordion-title-text\">\n\t\t\t\t\t\t\t\t\t\t\t\t\t\t<span>\n\t\t\t\t\t\t\t\tCome faccio a sapere se un armaiolo \u00e8 certificato?\t\t\t\t\t\t\t<\/span>\n\t\t\t\t\t\t<\/div>\n\t\t\t\t\t\t<span class=\"wd-accordion-opener\"><\/span>\n\t\t\t\t\t<\/div>\n\n\t\t\t\t\t<div class=\"wd-accordion-content wd-entry-content\" data-accordion-index=\"1\">\n\t\t\t\t\t\t\t\t\t\t\t\t\t\n\t\t\t\t\t\t\t<p>Tutti gli armaioli certificati devono avere una targhetta di identificazione all'interno, che deve riportare: le caratteristiche dell'armaiolo, il grado di resistenza e il numero di serie, oltre al riferimento al numero di fascicolo del certificato.<\/p><p>A sua volta, il produttore deve rilasciare un certificato che specifichi tutte le caratteristiche dell'armaiolo, la sua sede e i dati dell'acquirente.<\/p><p>\u00c8 tutto qui?<\/p><p>No, mancherebbe il certificato di ancoraggio dell'armaiolo, che deve essere rilasciato dalla ditta installatrice.<\/p>\n\t\t\t\t\t\t\t\t\t\t\t\t\t\t\t\t\t\t<\/div>\n\t\t\t\t<\/div>\n\t\t\t\t\t\t\t\n\t\t\t\t<div class=\"wd-accordion-item\">\n\t\t\t\t\t<div class=\"wd-accordion-title\" data-accordion-index=\"2\">\n\t\t\t\t\t\t<div class=\"wd-accordion-title-text\">\n\t\t\t\t\t\t\t\t\t\t\t\t\t\t<span>\n\t\t\t\t\t\t\t\tChe garanzia hanno gli armaioli Arbasal?\t\t\t\t\t\t\t<\/span>\n\t\t\t\t\t\t<\/div>\n\t\t\t\t\t\t<span class=\"wd-accordion-opener\"><\/span>\n\t\t\t\t\t<\/div>\n\n\t\t\t\t\t<div class=\"wd-accordion-content wd-entry-content\" data-accordion-index=\"2\">\n\t\t\t\t\t\t\t\t\t\t\t\t\t\n\t\t\t\t\t\t\t<p>Siamo consapevoli della bassa qualit\u00e0 di diversi produttori spagnoli nei rispettivi armaioli. \u00c8 uno dei problemi principali nel settore della sicurezza delle armi da fuoco.<\/p><p>Cosa offriamo ad Arcas Arbasal?<\/p><p>5 anni di garanzia sulle nostre rastrelliere per armi.<\/p><p>L'elettronica e le chiavi non sono incluse. Che hanno una garanzia di 2 anni.<\/p>\n\t\t\t\t\t\t\t\t\t\t\t\t\t\t\t\t\t\t<\/div>\n\t\t\t\t<\/div>\n\t\t\t\t\t\t\t\n\t\t\t\t<div class=\"wd-accordion-item\">\n\t\t\t\t\t<div class=\"wd-accordion-title\" data-accordion-index=\"3\">\n\t\t\t\t\t\t<div class=\"wd-accordion-title-text\">\n\t\t\t\t\t\t\t\t\t\t\t\t\t\t<span>\n\t\t\t\t\t\t\t\tPosso restituire un articolo?\t\t\t\t\t\t\t<\/span>\n\t\t\t\t\t\t<\/div>\n\t\t\t\t\t\t<span class=\"wd-accordion-opener\"><\/span>\n\t\t\t\t\t<\/div>\n\n\t\t\t\t\t<div class=\"wd-accordion-content wd-entry-content\" data-accordion-index=\"3\">\n\t\t\t\t\t\t\t\t\t\t\t\t\t\n\t\t\t\t\t\t\t<p>S\u00ec, tutti gli articoli standard possono essere restituiti entro i termini previsti dalla legge.<\/p><p>Quali sono le spese per il rimborso?<\/p><p>Le spese di trasporto abituali, a condizione che l'imballaggio sia in perfette condizioni.<\/p><p>Nel caso in cui il prodotto sia stato installato, verr\u00e0 addebitato il doppio del costo di installazione, oltre a spese aggiuntive e materiale per la disinstallazione.<\/p>\n\t\t\t\t\t\t\t\t\t\t\t\t\t\t\t\t\t\t<\/div>\n\t\t\t\t<\/div>\n\t\t\t\t\t\t\t\n\t\t\t\t<div class=\"wd-accordion-item\">\n\t\t\t\t\t<div class=\"wd-accordion-title\" data-accordion-index=\"4\">\n\t\t\t\t\t\t<div class=\"wd-accordion-title-text\">\n\t\t\t\t\t\t\t\t\t\t\t\t\t\t<span>\n\t\t\t\t\t\t\t\tCome posso seguire il mio ordine?\t\t\t\t\t\t\t<\/span>\n\t\t\t\t\t\t<\/div>\n\t\t\t\t\t\t<span class=\"wd-accordion-opener\"><\/span>\n\t\t\t\t\t<\/div>\n\n\t\t\t\t\t<div class=\"wd-accordion-content wd-entry-content\" data-accordion-index=\"4\">\n\t\t\t\t\t\t\t\t\t\t\t\t\t\n\t\t\t\t\t\t\t<p>Il nostro ufficio vendite \u00e8 a disposizione di tutti i nostri clienti, che li informer\u00e0 sul processo di produzione e, se necessario, sul processo di spedizione.<\/p>\n\t\t\t\t\t\t\t\t\t\t\t\t\t\t\t\t\t\t<\/div>\n\t\t\t\t<\/div>\n\t\t\t\t\t<\/div>\n\t\t\t\t\t\t<\/div>\n\t\t\t\t<\/div>\n\t\t\t\t\t<\/div>\n\t\t<\/div>\n\t\t\t\t<div class=\"elementor-column elementor-col-50 elementor-top-column elementor-element elementor-element-41bec3dc\" data-id=\"41bec3dc\" data-element_type=\"column\" data-e-type=\"column\">\n\t\t\t<div class=\"elementor-widget-wrap elementor-element-populated\">\n\t\t\t\t\t\t<div class=\"elementor-element elementor-element-88ca337 wd-width-100 elementor-widget elementor-widget-wd_title\" data-id=\"88ca337\" data-element_type=\"widget\" data-e-type=\"widget\" data-widget_type=\"wd_title.default\">\n\t\t\t\t<div class=\"elementor-widget-container\">\n\t\t\t\t\t\t\t<div class=\"title-wrapper wd-set-mb reset-last-child wd-title-color-default wd-title-style-default wd-title-size-default text-left\">\n\n\t\t\t\t\t\t\t\t\t\t\t<div class=\"title-subtitle subtitle-color-default subtitle-style-default wd-fontsize-xs\">\n\t\t\t\t\tAVETE DEI DUBBI?\t\t\t\t<\/div>\n\t\t\t\n\t\t\t<div class=\"liner-continer\">\n\t\t\t\t<h4 class=\"woodmart-title-container title wd-fontsize-l\">CI TERREMO IN CONTATTO<\/h4> \n\t\t\t\t\t\t\t<\/div>\n\n\t\t\t\t\t<\/div>\n\t\t\t\t\t\t<\/div>\n\t\t\t\t<\/div>\n\t\t\t\t<div class=\"elementor-element elementor-element-5ce0072f elementor-widget elementor-widget-wd_contact_form_7\" data-id=\"5ce0072f\" data-element_type=\"widget\" data-e-type=\"widget\" data-widget_type=\"wd_contact_form_7.default\">\n\t\t\t\t<div class=\"elementor-widget-container\">\n\t\t\t\t\t\n<div class=\"wpcf7 no-js\" id=\"wpcf7-f1572-o1\" lang=\"es-ES\" dir=\"ltr\" data-wpcf7-id=\"1572\">\n<div class=\"screen-reader-response\"><p role=\"status\" aria-live=\"polite\" aria-atomic=\"true\"><\/p> <ul><\/ul><\/div>\n<form action=\"\/it\/wp-json\/wp\/v2\/pages\/15828#wpcf7-f1572-o1\" method=\"post\" class=\"wpcf7-form init\" aria-label=\"Formulario de contacto\" novalidate=\"novalidate\" data-status=\"init\">\n<fieldset class=\"hidden-fields-container\"><input type=\"hidden\" name=\"_wpcf7\" value=\"1572\" \/><input type=\"hidden\" name=\"_wpcf7_version\" value=\"6.1.5\" \/><input type=\"hidden\" name=\"_wpcf7_locale\" value=\"es_ES\" \/><input type=\"hidden\" name=\"_wpcf7_unit_tag\" value=\"wpcf7-f1572-o1\" \/><input type=\"hidden\" name=\"_wpcf7_container_post\" value=\"0\" \/><input type=\"hidden\" name=\"_wpcf7_posted_data_hash\" value=\"\" \/><input type=\"hidden\" name=\"_wpcf7_recaptcha_response\" value=\"\" \/>\n<\/fieldset>\n<div class=\"row\">\n\t<p class=\"col-md-6\"><label>Nombre y Apellidos<\/label><span class=\"wpcf7-form-control-wrap\" data-name=\"your-name\"><input size=\"40\" maxlength=\"400\" class=\"wpcf7-form-control wpcf7-text wpcf7-validates-as-required\" aria-required=\"true\" aria-invalid=\"false\" value=\"\" type=\"text\" name=\"your-name\" \/><\/span>\n\t<\/p>\n\t<p class=\"col-md-6\"><label>Email<\/label><span class=\"wpcf7-form-control-wrap\" data-name=\"your-email\"><input size=\"40\" maxlength=\"400\" class=\"wpcf7-form-control wpcf7-email wpcf7-validates-as-required wpcf7-text wpcf7-validates-as-email\" aria-required=\"true\" aria-invalid=\"false\" value=\"\" type=\"email\" name=\"your-email\" \/><\/span>\n\t<\/p>\n<\/div>\n<div class=\"row\">\n\t<p class=\"col-md-6\"><label>Tel\u00e9fono<\/label><span class=\"wpcf7-form-control-wrap\" data-name=\"tel-767\"><input size=\"40\" maxlength=\"400\" class=\"wpcf7-form-control wpcf7-tel wpcf7-text wpcf7-validates-as-tel\" aria-invalid=\"false\" value=\"\" type=\"tel\" name=\"tel-767\" \/><\/span>\n\t<\/p>\n\t<p class=\"col-md-6\"><label>Empresa<\/label><span class=\"wpcf7-form-control-wrap\" data-name=\"text-1\"><input size=\"40\" maxlength=\"400\" class=\"wpcf7-form-control wpcf7-text\" aria-invalid=\"false\" value=\"\" type=\"text\" name=\"text-1\" \/><\/span>\n\t<\/p>\n<\/div>\n<p><label>Mensaje<\/label><span class=\"wpcf7-form-control-wrap\" data-name=\"your-message\"><textarea cols=\"40\" rows=\"10\" maxlength=\"2000\" class=\"wpcf7-form-control wpcf7-textarea\" aria-invalid=\"false\" name=\"your-message\"><\/textarea><\/span>\n<\/p>\n<p><input class=\"wpcf7-form-control wpcf7-submit has-spinner btn-color-black\" type=\"submit\" value=\"ENVIAR\" \/>\n<\/p><div class=\"wpcf7-response-output\" aria-hidden=\"true\"><\/div>\n<\/form>\n<\/div>\n\t\t\t\t<\/div>\n\t\t\t\t<\/div>\n\t\t\t\t\t<\/div>\n\t\t<\/div>\n\t\t\t\t\t<\/div>\n\t\t<\/section>\n\t\t\t\t<\/div>\n\t\t","protected":false},"excerpt":{"rendered":"<p>DOMANDE RISOLVIAMO I PRINCIPALI DUBBI Di quale rastrelliera ho bisogno per conservare le armi? Tutte le nostre rastrelliere per pistole<\/p>\n","protected":false},"author":1,"featured_media":13291,"parent":0,"menu_order":0,"comment_status":"closed","ping_status":"closed","template":"","meta":{"_acf_changed":false,"footnotes":""},"class_list":["post-15828","page","type-page","status-publish","has-post-thumbnail","hentry"],"acf":[],"yoast_head":"<!-- This site is optimized with the Yoast SEO plugin v27.4 - https:\/\/yoast.com\/product\/yoast-seo-wordpress\/ -->\n<title>Contatto | Arcas Arbasal \u00ae<\/title>\n<meta name=\"description\" content=\"Sede: Iparraguirre, 52 - Telefono: +39 33 43 26 01 86 - italia@arcasarbasal.com +39 33 43 26 01 86 - Email: italia@arcasarbasal.com\" \/>\n<meta name=\"robots\" content=\"index, follow, max-snippet:-1, max-image-preview:large, max-video-preview:-1\" \/>\n<link rel=\"canonical\" href=\"https:\/\/arcasarbasal.com\/it\/contatto-arcas-arbasal\/\" \/>\n<meta property=\"og:locale\" content=\"it_IT\" \/>\n<meta property=\"og:type\" content=\"article\" \/>\n<meta property=\"og:title\" content=\"Contatto | Arcas Arbasal \u00ae\" \/>\n<meta property=\"og:description\" content=\"Sede: Iparraguirre, 52 - Telefono: +39 33 43 26 01 86 - italia@arcasarbasal.com +39 33 43 26 01 86 - Email: italia@arcasarbasal.com\" \/>\n<meta property=\"og:url\" content=\"https:\/\/arcasarbasal.com\/it\/contatto-arcas-arbasal\/\" \/>\n<meta property=\"og:site_name\" content=\"Arcas Arbasal \u2013 Fabricante de dep\u00f3sitos de armas certificados\" \/>\n<meta property=\"article:publisher\" content=\"https:\/\/www.facebook.com\/arcasgruber\" \/>\n<meta property=\"article:modified_time\" content=\"2024-01-17T13:02:46+00:00\" \/>\n<meta property=\"og:image\" content=\"https:\/\/arcasarbasal.com\/wp-content\/uploads\/2023\/01\/leon.png\" \/>\n\t<meta property=\"og:image:width\" content=\"512\" \/>\n\t<meta property=\"og:image:height\" content=\"512\" \/>\n\t<meta property=\"og:image:type\" content=\"image\/png\" \/>\n<meta name=\"twitter:card\" content=\"summary_large_image\" \/>\n<meta name=\"twitter:label1\" content=\"Tempo di lettura stimato\" \/>\n\t<meta name=\"twitter:data1\" content=\"2 minuti\" \/>\n<script type=\"application\/ld+json\" class=\"yoast-schema-graph\">{\"@context\":\"https:\\\/\\\/schema.org\",\"@graph\":[{\"@type\":\"WebPage\",\"@id\":\"https:\\\/\\\/arcasarbasal.com\\\/it\\\/contatto-arcas-arbasal\\\/\",\"url\":\"https:\\\/\\\/arcasarbasal.com\\\/it\\\/contatto-arcas-arbasal\\\/\",\"name\":\"Contatto | Arcas Arbasal \u00ae\",\"isPartOf\":{\"@id\":\"https:\\\/\\\/arcasarbasal.com\\\/it\\\/#website\"},\"primaryImageOfPage\":{\"@id\":\"https:\\\/\\\/arcasarbasal.com\\\/it\\\/contatto-arcas-arbasal\\\/#primaryimage\"},\"image\":{\"@id\":\"https:\\\/\\\/arcasarbasal.com\\\/it\\\/contatto-arcas-arbasal\\\/#primaryimage\"},\"thumbnailUrl\":\"https:\\\/\\\/arcasarbasal.com\\\/wp-content\\\/uploads\\\/2023\\\/01\\\/leon.png\",\"datePublished\":\"2021-10-12T16:27:24+00:00\",\"dateModified\":\"2024-01-17T13:02:46+00:00\",\"description\":\"Sede: Iparraguirre, 52 - Telefono: +39 33 43 26 01 86 - italia@arcasarbasal.com +39 33 43 26 01 86 - Email: italia@arcasarbasal.com\",\"breadcrumb\":{\"@id\":\"https:\\\/\\\/arcasarbasal.com\\\/it\\\/contatto-arcas-arbasal\\\/#breadcrumb\"},\"inLanguage\":\"it-IT\",\"potentialAction\":[{\"@type\":\"ReadAction\",\"target\":[\"https:\\\/\\\/arcasarbasal.com\\\/it\\\/contatto-arcas-arbasal\\\/\"]}]},{\"@type\":\"ImageObject\",\"inLanguage\":\"it-IT\",\"@id\":\"https:\\\/\\\/arcasarbasal.com\\\/it\\\/contatto-arcas-arbasal\\\/#primaryimage\",\"url\":\"https:\\\/\\\/arcasarbasal.com\\\/wp-content\\\/uploads\\\/2023\\\/01\\\/leon.png\",\"contentUrl\":\"https:\\\/\\\/arcasarbasal.com\\\/wp-content\\\/uploads\\\/2023\\\/01\\\/leon.png\",\"width\":512,\"height\":512},{\"@type\":\"BreadcrumbList\",\"@id\":\"https:\\\/\\\/arcasarbasal.com\\\/it\\\/contatto-arcas-arbasal\\\/#breadcrumb\",\"itemListElement\":[{\"@type\":\"ListItem\",\"position\":1,\"name\":\"Portada\",\"item\":\"https:\\\/\\\/arcasarbasal.com\\\/it\\\/\"},{\"@type\":\"ListItem\",\"position\":2,\"name\":\"Contatto Arcas Arbasal\"}]},{\"@type\":\"WebSite\",\"@id\":\"https:\\\/\\\/arcasarbasal.com\\\/it\\\/#website\",\"url\":\"https:\\\/\\\/arcasarbasal.com\\\/it\\\/\",\"name\":\"Arcas Arbasal\",\"description\":\"Arcas Arbasal, especialistas en la Fabricaci\u00f3n de dep\u00f3sitos de armas certificados. Cumplimos con las normativas europeas para garantizar la m\u00e1xima protecci\u00f3n.\",\"publisher\":{\"@id\":\"https:\\\/\\\/arcasarbasal.com\\\/it\\\/#organization\"},\"potentialAction\":[{\"@type\":\"SearchAction\",\"target\":{\"@type\":\"EntryPoint\",\"urlTemplate\":\"https:\\\/\\\/arcasarbasal.com\\\/it\\\/?s={search_term_string}\"},\"query-input\":{\"@type\":\"PropertyValueSpecification\",\"valueRequired\":true,\"valueName\":\"search_term_string\"}}],\"inLanguage\":\"it-IT\"},{\"@type\":\"Organization\",\"@id\":\"https:\\\/\\\/arcasarbasal.com\\\/it\\\/#organization\",\"name\":\"Arcas Arbasal\",\"url\":\"https:\\\/\\\/arcasarbasal.com\\\/it\\\/\",\"logo\":{\"@type\":\"ImageObject\",\"inLanguage\":\"it-IT\",\"@id\":\"https:\\\/\\\/arcasarbasal.com\\\/it\\\/#\\\/schema\\\/logo\\\/image\\\/\",\"url\":\"https:\\\/\\\/arcasarbasal.com\\\/wp-content\\\/uploads\\\/2026\\\/02\\\/logo-arbasal-letras.png\",\"contentUrl\":\"https:\\\/\\\/arcasarbasal.com\\\/wp-content\\\/uploads\\\/2026\\\/02\\\/logo-arbasal-letras.png\",\"width\":1344,\"height\":768,\"caption\":\"Arcas Arbasal\"},\"image\":{\"@id\":\"https:\\\/\\\/arcasarbasal.com\\\/it\\\/#\\\/schema\\\/logo\\\/image\\\/\"},\"sameAs\":[\"https:\\\/\\\/www.facebook.com\\\/arcasgruber\"]}]}<\/script>\n<!-- \/ Yoast SEO plugin. -->","yoast_head_json":{"title":"Contatto | Arcas Arbasal \u00ae","description":"Sede: Iparraguirre, 52 - Telefono: +39 33 43 26 01 86 - italia@arcasarbasal.com +39 33 43 26 01 86 - Email: italia@arcasarbasal.com","robots":{"index":"index","follow":"follow","max-snippet":"max-snippet:-1","max-image-preview":"max-image-preview:large","max-video-preview":"max-video-preview:-1"},"canonical":"https:\/\/arcasarbasal.com\/it\/contatto-arcas-arbasal\/","og_locale":"it_IT","og_type":"article","og_title":"Contatto | Arcas Arbasal \u00ae","og_description":"Sede: Iparraguirre, 52 - Telefono: +39 33 43 26 01 86 - italia@arcasarbasal.com +39 33 43 26 01 86 - Email: italia@arcasarbasal.com","og_url":"https:\/\/arcasarbasal.com\/it\/contatto-arcas-arbasal\/","og_site_name":"Arcas Arbasal \u2013 Fabricante de dep\u00f3sitos de armas certificados","article_publisher":"https:\/\/www.facebook.com\/arcasgruber","article_modified_time":"2024-01-17T13:02:46+00:00","og_image":[{"width":512,"height":512,"url":"https:\/\/arcasarbasal.com\/wp-content\/uploads\/2023\/01\/leon.png","type":"image\/png"}],"twitter_card":"summary_large_image","twitter_misc":{"Tempo di lettura stimato":"2 minuti"},"schema":{"@context":"https:\/\/schema.org","@graph":[{"@type":"WebPage","@id":"https:\/\/arcasarbasal.com\/it\/contatto-arcas-arbasal\/","url":"https:\/\/arcasarbasal.com\/it\/contatto-arcas-arbasal\/","name":"Contatto | Arcas Arbasal \u00ae","isPartOf":{"@id":"https:\/\/arcasarbasal.com\/it\/#website"},"primaryImageOfPage":{"@id":"https:\/\/arcasarbasal.com\/it\/contatto-arcas-arbasal\/#primaryimage"},"image":{"@id":"https:\/\/arcasarbasal.com\/it\/contatto-arcas-arbasal\/#primaryimage"},"thumbnailUrl":"https:\/\/arcasarbasal.com\/wp-content\/uploads\/2023\/01\/leon.png","datePublished":"2021-10-12T16:27:24+00:00","dateModified":"2024-01-17T13:02:46+00:00","description":"Sede: Iparraguirre, 52 - Telefono: +39 33 43 26 01 86 - italia@arcasarbasal.com +39 33 43 26 01 86 - Email: italia@arcasarbasal.com","breadcrumb":{"@id":"https:\/\/arcasarbasal.com\/it\/contatto-arcas-arbasal\/#breadcrumb"},"inLanguage":"it-IT","potentialAction":[{"@type":"ReadAction","target":["https:\/\/arcasarbasal.com\/it\/contatto-arcas-arbasal\/"]}]},{"@type":"ImageObject","inLanguage":"it-IT","@id":"https:\/\/arcasarbasal.com\/it\/contatto-arcas-arbasal\/#primaryimage","url":"https:\/\/arcasarbasal.com\/wp-content\/uploads\/2023\/01\/leon.png","contentUrl":"https:\/\/arcasarbasal.com\/wp-content\/uploads\/2023\/01\/leon.png","width":512,"height":512},{"@type":"BreadcrumbList","@id":"https:\/\/arcasarbasal.com\/it\/contatto-arcas-arbasal\/#breadcrumb","itemListElement":[{"@type":"ListItem","position":1,"name":"Portada","item":"https:\/\/arcasarbasal.com\/it\/"},{"@type":"ListItem","position":2,"name":"Contatto Arcas Arbasal"}]},{"@type":"WebSite","@id":"https:\/\/arcasarbasal.com\/it\/#website","url":"https:\/\/arcasarbasal.com\/it\/","name":"Arcas Arbasal","description":"Arcas Arbasal, especialistas en la Fabricaci\u00f3n de dep\u00f3sitos de armas certificados. Cumplimos con las normativas europeas para garantizar la m\u00e1xima protecci\u00f3n.","publisher":{"@id":"https:\/\/arcasarbasal.com\/it\/#organization"},"potentialAction":[{"@type":"SearchAction","target":{"@type":"EntryPoint","urlTemplate":"https:\/\/arcasarbasal.com\/it\/?s={search_term_string}"},"query-input":{"@type":"PropertyValueSpecification","valueRequired":true,"valueName":"search_term_string"}}],"inLanguage":"it-IT"},{"@type":"Organization","@id":"https:\/\/arcasarbasal.com\/it\/#organization","name":"Arcas Arbasal","url":"https:\/\/arcasarbasal.com\/it\/","logo":{"@type":"ImageObject","inLanguage":"it-IT","@id":"https:\/\/arcasarbasal.com\/it\/#\/schema\/logo\/image\/","url":"https:\/\/arcasarbasal.com\/wp-content\/uploads\/2026\/02\/logo-arbasal-letras.png","contentUrl":"https:\/\/arcasarbasal.com\/wp-content\/uploads\/2026\/02\/logo-arbasal-letras.png","width":1344,"height":768,"caption":"Arcas Arbasal"},"image":{"@id":"https:\/\/arcasarbasal.com\/it\/#\/schema\/logo\/image\/"},"sameAs":["https:\/\/www.facebook.com\/arcasgruber"]}]}},"_links":{"self":[{"href":"https:\/\/arcasarbasal.com\/it\/wp-json\/wp\/v2\/pages\/15828","targetHints":{"allow":["GET"]}}],"collection":[{"href":"https:\/\/arcasarbasal.com\/it\/wp-json\/wp\/v2\/pages"}],"about":[{"href":"https:\/\/arcasarbasal.com\/it\/wp-json\/wp\/v2\/types\/page"}],"author":[{"embeddable":true,"href":"https:\/\/arcasarbasal.com\/it\/wp-json\/wp\/v2\/users\/1"}],"replies":[{"embeddable":true,"href":"https:\/\/arcasarbasal.com\/it\/wp-json\/wp\/v2\/comments?post=15828"}],"version-history":[{"count":0,"href":"https:\/\/arcasarbasal.com\/it\/wp-json\/wp\/v2\/pages\/15828\/revisions"}],"wp:featuredmedia":[{"embeddable":true,"href":"https:\/\/arcasarbasal.com\/it\/wp-json\/wp\/v2\/media\/13291"}],"wp:attachment":[{"href":"https:\/\/arcasarbasal.com\/it\/wp-json\/wp\/v2\/media?parent=15828"}],"curies":[{"name":"wp","href":"https:\/\/api.w.org\/{rel}","templated":true}]}}