{"id":13989,"date":"2023-03-09T08:08:34","date_gmt":"2023-03-09T08:08:34","guid":{"rendered":"https:\/\/arcasarbasal.com\/avviso-legale\/"},"modified":"2024-01-18T08:14:42","modified_gmt":"2024-01-18T08:14:42","slug":"avviso-legale","status":"publish","type":"page","link":"https:\/\/arcasarbasal.com\/it\/avviso-legale\/","title":{"rendered":"Avviso legale"},"content":{"rendered":"<p>Di seguito vi illustriamo le note legali di Arcas Gruber al fine di garantire tutte le disposizioni di legge per la massima garanzia del consumatore. La cosa pi\u00f9 importante da sapere:<\/p>\n<p><strong>Dati personali<\/strong>: utilizziamo i vostri dati personali solo per fornirvi i nostri servizi. Non li cederemo mai a nessuno.<\/p>\n<p><strong>Zero spam<\/strong>: abbiamo una politica di 0 spam. In ogni momento avrete il controllo delle comunicazioni che riceverete.<\/p>\n<p><strong>Non memorizziamo i dati della carta di credito<\/strong>: al momento dell&#8217;acquisto, i dati criptati vengono inviati all&#8217;istituto finanziario incaricato del pagamento. I vostri dati vengono utilizzati esclusivamente per l&#8217;elaborazione dei pagamenti.<\/p>\n<p><strong>DATI DI IDENTIFICAZIONE<\/strong><\/p>\n<p>In ottemperanza all&#8217;obbligo di informazione di cui all&#8217;articolo 10 della Legge 34\/2002, dell&#8217;11 luglio, sui Servizi della Societ\u00e0 dell&#8217;Informazione e del Commercio Elettronico, si riportano di seguito le seguenti informazioni: il titolare del dominio web \u00e8 Arcas Gruber, S.A. (di seguito Gruber), con sede legale a questi fini presso:<\/p>\n<p>Via Iparraguirre 52<br \/>\nC.I.F.: A-48000814<br \/>\nE-mail di contatto: info@arcasgruber.com<br \/>\nRegistrato nel Registro Mercantile di VIZCAYA, Volume 1836, Folio 122, voce 40, Foglio BI-3647-A.<\/p>\n<p><strong>UTENTI<\/strong><\/p>\n<p>L&#8217;accesso e\/o l&#8217;utilizzo di questo portale Gruber conferisce la condizione di UTENTE, che accetta, a partire da tale accesso e\/o utilizzo, le Condizioni generali di utilizzo qui riportate. I suddetti Termini e Condizioni si applicano indipendentemente dalle Condizioni Generali di Contratto eventualmente obbligatorie.<\/p>\n<p><strong>UTILIZZO DEL PORTALE<\/strong><\/p>\n<p>www.arcasgruber.com fornisce l&#8217;accesso a una moltitudine di informazioni, servizi, programmi o dati (di seguito &#8220;il contenuto&#8221;) su Internet di propriet\u00e0 della Gruber o dei suoi licenziatari a cui l&#8217;UTENTE pu\u00f2 accedere.<\/p>\n<p>L&#8217;UTENTE si assume la responsabilit\u00e0 dell&#8217;utilizzo del portale. Questa responsabilit\u00e0 si estende a qualsiasi registrazione che possa essere necessaria per accedere a determinati servizi o contenuti. L&#8217;UTENTE \u00e8 responsabile di fornire informazioni veritiere e lecite al momento della registrazione. A seguito di tale registrazione, l&#8217;UTENTE potr\u00e0 ricevere una password di cui sar\u00e0 responsabile, impegnandosi a utilizzarla con diligenza e riservatezza.<\/p>\n<p>L&#8217;UTENTE si impegna a fare un uso appropriato dei contenuti e dei servizi (come servizi di chat, forum di discussione o newsgroup) che Gruber offre attraverso il suo portale e, a titolo esemplificativo ma non esaustivo, a non utilizzarli per<\/p>\n<p>(1) intraprendere attivit\u00e0 illecite, illegali o contrarie alla buona fede e all&#8217;ordine pubblico;<\/p>\n<p>(2) diffondere contenuti o propaganda di carattere razzista, xenofobo, pornografico-illegale, antiterroristico o a favore dei diritti umani;<\/p>\n<p>(3) causare danni ai sistemi fisici e logici della Gruber, dei suoi fornitori o di terzi, introdurre o diffondere virus informatici o qualsiasi altro sistema fisico o logico che possa causare i suddetti danni;<\/p>\n<p>(4) tentare di accedere e, se del caso, utilizzare gli account di posta elettronica di altri utenti e modificare o manomettere i loro messaggi.<\/p>\n<p>La Gruber si riserva il diritto di rimuovere tutti i commenti e i contributi che violano il rispetto della dignit\u00e0 della persona, che sono discriminatori, xenofobi, razzisti, pornografici, che violano la giovent\u00f9 o l&#8217;infanzia, l&#8217;ordine pubblico o la sicurezza pubblica o che, a suo parere, non sono adatti alla pubblicazione.<\/p>\n<p>In ogni caso, la Gruber non sar\u00e0 responsabile delle opinioni espresse dagli utenti attraverso forum, chat o altri strumenti di partecipazione.<\/p>\n<p><strong>PROTEZIONE DEI DATI<\/strong><\/p>\n<p>Gruber rispetta le linee guida della Legge Organica 15\/1999, del 13 dicembre, sulla Protezione dei Dati Personali, il Regio Decreto 1720\/2007, del 21 dicembre, che approva il Regolamento per lo sviluppo della Legge Organica e le altre norme in vigore in ogni momento, e garantisce il corretto utilizzo e trattamento dei dati personali dell&#8217;utente.<\/p>\n<p>A tal fine, insieme a ogni modulo per la raccolta dei dati personali, nei servizi che l&#8217;utente pu\u00f2 richiedere a Gruber, l&#8217;utente sar\u00e0 informato dell&#8217;esistenza e dell&#8217;accettazione delle condizioni particolari per il trattamento dei suoi dati in ogni caso, informandolo della responsabilit\u00e0 del file creato, dell&#8217;indirizzo del responsabile, della possibilit\u00e0 di esercitare i suoi diritti di accesso, rettifica, cancellazione o opposizione, della finalit\u00e0 del trattamento e della comunicazione dei dati a terzi, se del caso.<\/p>\n<p>Gruber vi informa inoltre che rispetta la legge 34\/2002 dell&#8217;11 luglio sui servizi della societ\u00e0 dell&#8217;informazione e il commercio elettronico e vi chieder\u00e0 sempre il consenso al trattamento della vostra e-mail per scopi commerciali.<\/p>\n<p>L&#8217;utente autorizza espressamente Arcas Gruber, S.A. affinch\u00e9 i dati ottenuti su questo sito web per lo sviluppo delle relazioni commerciali tra le due parti possano essere forniti a societ\u00e0 terze per il miglior espletamento dei loro servizi &#8211; vettori, istituti finanziari, ecc -.<\/p>\n<p>In ogni caso, si tratta di quelli strettamente necessari per l&#8217;attivit\u00e0 specifica da svolgere. Allo stesso modo, l&#8217;utente autorizza Arcas Gruber, S.A. a utilizzare i dati ricevuti per realizzare campagne informative e attivit\u00e0 promozionali di prodotti o servizi che possono essere di interesse per l&#8217;utente.<\/p>\n<p>Potrete in qualsiasi momento esercitare i vostri diritti di accesso, rettifica, cancellazione e opposizione contattando Arcas Gruber, S.A., con sede in calle Iparraguirre, 52 &#8211; 48010 Bilbao (Vizcaya). Telefono: +34 944 216 820. E-mail: info@arcasgruber.com<\/p>\n<p><strong>PROPRIET\u00c0 INTELLETTUALE E INDUSTRIALE<\/strong><\/p>\n<p>La Gruber, da sola o in qualit\u00e0 di cessionaria, \u00e8 titolare di tutti i diritti di propriet\u00e0 intellettuale e industriale del sito web, nonch\u00e9 degli elementi in esso contenuti (tra cui, a titolo esemplificativo e non esaustivo, immagini, suoni, audio, video, software o testi; marchi o loghi, combinazioni di colori, struttura e design, selezione dei materiali utilizzati, programmi informatici necessari per il funzionamento, l&#8217;accesso e l&#8217;utilizzo, ecc.), di propriet\u00e0 della Gruber o dei suoi licenziatari.<\/p>\n<p>Tutti i diritti riservati. In virt\u00f9 delle disposizioni degli articoli 8 e 32.1, secondo comma, della Legge sulla Propriet\u00e0 Intellettuale, sono espressamente vietate la riproduzione, la distribuzione e la comunicazione pubblica, compresa la messa a disposizione di tutto o parte del contenuto di questo sito web, a fini commerciali, su qualsiasi supporto e con qualsiasi mezzo tecnico, senza l&#8217;autorizzazione della Gruber.<\/p>\n<p>L&#8217;UTENTE si impegna a rispettare i diritti di propriet\u00e0 intellettuale e industriale di Gruber. \u00c8 possibile visualizzare gli elementi del portale e persino stamparli, copiarli e memorizzarli sul disco rigido del proprio computer o su qualsiasi altro supporto fisico, a condizione che ci\u00f2 avvenga solo ed esclusivamente per uso personale e privato. L&#8217;UTENTE si astiene dal cancellare, alterare, eludere o manipolare qualsiasi dispositivo di protezione o sistema di sicurezza installato sulle pagine della Gruber.<\/p>\n<p><strong>ESCLUSIONE DI GARANZIE E RESPONSABILIT\u00c0<\/strong><\/p>\n<p>La Gruber non sar\u00e0 responsabile, in nessun caso, dei danni di qualsiasi tipo che possono essere causati da, a titolo esemplificativo e non esaustivo: errori o omissioni nel contenuto, mancanza di disponibilit\u00e0 del portale o trasmissione di virus o programmi dannosi o nocivi nel contenuto, nonostante l&#8217;adozione di tutte le misure tecnologiche necessarie per impedirlo.<\/p>\n<p><strong>MODIFICHE<\/strong><\/p>\n<p>La Gruber si riserva il diritto di apportare senza preavviso le modifiche che riterr\u00e0 opportune al proprio portale, potendo ampliare, eliminare o aggiungere sia i contenuti e i servizi forniti attraverso lo stesso sia il modo in cui vengono presentati o collocati sul portale.<\/p>\n<p><strong>LINK<\/strong><\/p>\n<p>Nel caso in cui www.arcasgruber.com contenga link o collegamenti ipertestuali ad altri siti Internet, Gruber non ha alcun controllo su tali siti e contenuti.<\/p>\n<p>In nessun caso la Gruber si assume la responsabilit\u00e0 per il contenuto di un link appartenente a un sito web esterno, n\u00e9 garantisce la disponibilit\u00e0 tecnica, la qualit\u00e0, l&#8217;affidabilit\u00e0, l&#8217;accuratezza, la completezza, la veridicit\u00e0, la validit\u00e0 e la costituzionalit\u00e0 del materiale o delle informazioni contenute in tali collegamenti ipertestuali o in altri siti Internet. Allo stesso modo, l&#8217;inclusione di questi collegamenti esterni non implica alcun tipo di associazione, fusione o partecipazione con le entit\u00e0 collegate.<\/p>\n<p><strong>DIRITTO DI ESCLUSIONE<\/strong><\/p>\n<p>La Gruber si riserva il diritto di negare o revocare l&#8217;accesso al portale e\/o ai servizi offerti senza preavviso, su propria richiesta o su richiesta di terzi, agli utenti che non rispettano le presenti Condizioni generali d&#8217;uso.<\/p>\n<p><strong>GENERALE<\/strong><\/p>\n<p>La Gruber perseguir\u00e0 la violazione delle presenti condizioni nonch\u00e9 qualsiasi uso improprio del proprio portale, esercitando tutte le azioni civili e penali che le competono per legge.<\/p>\n<p><strong>MODIFICA DELLE PRESENTI CONDIZIONI E DELLA DURATA<\/strong><\/p>\n<p>La Gruber potr\u00e0 modificare in qualsiasi momento le condizioni qui riportate, che saranno debitamente pubblicate nella loro forma attuale. La validit\u00e0 di queste condizioni dipende dalla loro esposizione e rimarr\u00e0 in vigore fino a quando non saranno modificate da altre condizioni debitamente pubblicate.<\/p>\n<p><strong>LEGGE APPLICABILE E GIURISDIZIONE<\/strong><\/p>\n<p>Le parti si sottopongono, a loro scelta, alle corti e ai tribunali del domicilio dell&#8217;utente per la risoluzione dei conflitti, rinunciando a qualsiasi altra giurisdizione.<\/p>\n","protected":false},"excerpt":{"rendered":"<p>Di seguito vi illustriamo le note legali di Arcas Gruber al fine di garantire tutte le disposizioni di legge per<\/p>\n","protected":false},"author":1,"featured_media":0,"parent":0,"menu_order":0,"comment_status":"closed","ping_status":"closed","template":"","meta":{"_acf_changed":false,"footnotes":""},"class_list":["post-13989","page","type-page","status-publish","hentry"],"acf":[],"yoast_head":"<!-- This site is optimized with the Yoast SEO plugin v27.4 - https:\/\/yoast.com\/product\/yoast-seo-wordpress\/ -->\n<title>Avviso legale - Arcas Arbasal \u2013 Fabricante de dep\u00f3sitos de armas certificados<\/title>\n<meta name=\"robots\" content=\"index, follow, max-snippet:-1, max-image-preview:large, max-video-preview:-1\" \/>\n<link rel=\"canonical\" href=\"https:\/\/arcasarbasal.com\/it\/avviso-legale\/\" \/>\n<meta property=\"og:locale\" content=\"it_IT\" \/>\n<meta property=\"og:type\" content=\"article\" \/>\n<meta property=\"og:title\" content=\"Avviso legale - Arcas Arbasal \u2013 Fabricante de dep\u00f3sitos de armas certificados\" \/>\n<meta property=\"og:description\" content=\"Di seguito vi illustriamo le note legali di Arcas Gruber al fine di garantire tutte le disposizioni di legge per\" \/>\n<meta property=\"og:url\" content=\"https:\/\/arcasarbasal.com\/it\/avviso-legale\/\" \/>\n<meta property=\"og:site_name\" content=\"Arcas Arbasal \u2013 Fabricante de dep\u00f3sitos de armas certificados\" \/>\n<meta property=\"article:publisher\" content=\"https:\/\/www.facebook.com\/arcasgruber\" \/>\n<meta property=\"article:modified_time\" content=\"2024-01-18T08:14:42+00:00\" \/>\n<meta property=\"og:image\" content=\"https:\/\/arcasarbasal.com\/wp-content\/uploads\/2026\/02\/logo-arbasal-letras.png\" \/>\n\t<meta property=\"og:image:width\" content=\"1344\" \/>\n\t<meta property=\"og:image:height\" content=\"768\" \/>\n\t<meta property=\"og:image:type\" content=\"image\/png\" \/>\n<meta name=\"twitter:card\" content=\"summary_large_image\" \/>\n<meta name=\"twitter:label1\" content=\"Tempo di lettura stimato\" \/>\n\t<meta name=\"twitter:data1\" content=\"7 minuti\" \/>\n<script type=\"application\/ld+json\" class=\"yoast-schema-graph\">{\"@context\":\"https:\\\/\\\/schema.org\",\"@graph\":[{\"@type\":\"WebPage\",\"@id\":\"https:\\\/\\\/arcasarbasal.com\\\/it\\\/avviso-legale\\\/\",\"url\":\"https:\\\/\\\/arcasarbasal.com\\\/it\\\/avviso-legale\\\/\",\"name\":\"Avviso legale - Arcas Arbasal \u2013 Fabricante de dep\u00f3sitos de armas certificados\",\"isPartOf\":{\"@id\":\"https:\\\/\\\/arcasarbasal.com\\\/it\\\/#website\"},\"datePublished\":\"2023-03-09T08:08:34+00:00\",\"dateModified\":\"2024-01-18T08:14:42+00:00\",\"breadcrumb\":{\"@id\":\"https:\\\/\\\/arcasarbasal.com\\\/it\\\/avviso-legale\\\/#breadcrumb\"},\"inLanguage\":\"it-IT\",\"potentialAction\":[{\"@type\":\"ReadAction\",\"target\":[\"https:\\\/\\\/arcasarbasal.com\\\/it\\\/avviso-legale\\\/\"]}]},{\"@type\":\"BreadcrumbList\",\"@id\":\"https:\\\/\\\/arcasarbasal.com\\\/it\\\/avviso-legale\\\/#breadcrumb\",\"itemListElement\":[{\"@type\":\"ListItem\",\"position\":1,\"name\":\"Portada\",\"item\":\"https:\\\/\\\/arcasarbasal.com\\\/it\\\/\"},{\"@type\":\"ListItem\",\"position\":2,\"name\":\"Avviso legale\"}]},{\"@type\":\"WebSite\",\"@id\":\"https:\\\/\\\/arcasarbasal.com\\\/it\\\/#website\",\"url\":\"https:\\\/\\\/arcasarbasal.com\\\/it\\\/\",\"name\":\"Arcas Arbasal\",\"description\":\"Arcas Arbasal, especialistas en la Fabricaci\u00f3n de dep\u00f3sitos de armas certificados. Cumplimos con las normativas europeas para garantizar la m\u00e1xima protecci\u00f3n.\",\"publisher\":{\"@id\":\"https:\\\/\\\/arcasarbasal.com\\\/it\\\/#organization\"},\"potentialAction\":[{\"@type\":\"SearchAction\",\"target\":{\"@type\":\"EntryPoint\",\"urlTemplate\":\"https:\\\/\\\/arcasarbasal.com\\\/it\\\/?s={search_term_string}\"},\"query-input\":{\"@type\":\"PropertyValueSpecification\",\"valueRequired\":true,\"valueName\":\"search_term_string\"}}],\"inLanguage\":\"it-IT\"},{\"@type\":\"Organization\",\"@id\":\"https:\\\/\\\/arcasarbasal.com\\\/it\\\/#organization\",\"name\":\"Arcas Arbasal\",\"url\":\"https:\\\/\\\/arcasarbasal.com\\\/it\\\/\",\"logo\":{\"@type\":\"ImageObject\",\"inLanguage\":\"it-IT\",\"@id\":\"https:\\\/\\\/arcasarbasal.com\\\/it\\\/#\\\/schema\\\/logo\\\/image\\\/\",\"url\":\"https:\\\/\\\/arcasarbasal.com\\\/wp-content\\\/uploads\\\/2026\\\/02\\\/logo-arbasal-letras.png\",\"contentUrl\":\"https:\\\/\\\/arcasarbasal.com\\\/wp-content\\\/uploads\\\/2026\\\/02\\\/logo-arbasal-letras.png\",\"width\":1344,\"height\":768,\"caption\":\"Arcas Arbasal\"},\"image\":{\"@id\":\"https:\\\/\\\/arcasarbasal.com\\\/it\\\/#\\\/schema\\\/logo\\\/image\\\/\"},\"sameAs\":[\"https:\\\/\\\/www.facebook.com\\\/arcasgruber\"]}]}<\/script>\n<!-- \/ Yoast SEO plugin. -->","yoast_head_json":{"title":"Avviso legale - Arcas Arbasal \u2013 Fabricante de dep\u00f3sitos de armas certificados","robots":{"index":"index","follow":"follow","max-snippet":"max-snippet:-1","max-image-preview":"max-image-preview:large","max-video-preview":"max-video-preview:-1"},"canonical":"https:\/\/arcasarbasal.com\/it\/avviso-legale\/","og_locale":"it_IT","og_type":"article","og_title":"Avviso legale - Arcas Arbasal \u2013 Fabricante de dep\u00f3sitos de armas certificados","og_description":"Di seguito vi illustriamo le note legali di Arcas Gruber al fine di garantire tutte le disposizioni di legge per","og_url":"https:\/\/arcasarbasal.com\/it\/avviso-legale\/","og_site_name":"Arcas Arbasal \u2013 Fabricante de dep\u00f3sitos de armas certificados","article_publisher":"https:\/\/www.facebook.com\/arcasgruber","article_modified_time":"2024-01-18T08:14:42+00:00","og_image":[{"width":1344,"height":768,"url":"https:\/\/arcasarbasal.com\/wp-content\/uploads\/2026\/02\/logo-arbasal-letras.png","type":"image\/png"}],"twitter_card":"summary_large_image","twitter_misc":{"Tempo di lettura stimato":"7 minuti"},"schema":{"@context":"https:\/\/schema.org","@graph":[{"@type":"WebPage","@id":"https:\/\/arcasarbasal.com\/it\/avviso-legale\/","url":"https:\/\/arcasarbasal.com\/it\/avviso-legale\/","name":"Avviso legale - Arcas Arbasal \u2013 Fabricante de dep\u00f3sitos de armas certificados","isPartOf":{"@id":"https:\/\/arcasarbasal.com\/it\/#website"},"datePublished":"2023-03-09T08:08:34+00:00","dateModified":"2024-01-18T08:14:42+00:00","breadcrumb":{"@id":"https:\/\/arcasarbasal.com\/it\/avviso-legale\/#breadcrumb"},"inLanguage":"it-IT","potentialAction":[{"@type":"ReadAction","target":["https:\/\/arcasarbasal.com\/it\/avviso-legale\/"]}]},{"@type":"BreadcrumbList","@id":"https:\/\/arcasarbasal.com\/it\/avviso-legale\/#breadcrumb","itemListElement":[{"@type":"ListItem","position":1,"name":"Portada","item":"https:\/\/arcasarbasal.com\/it\/"},{"@type":"ListItem","position":2,"name":"Avviso legale"}]},{"@type":"WebSite","@id":"https:\/\/arcasarbasal.com\/it\/#website","url":"https:\/\/arcasarbasal.com\/it\/","name":"Arcas Arbasal","description":"Arcas Arbasal, especialistas en la Fabricaci\u00f3n de dep\u00f3sitos de armas certificados. Cumplimos con las normativas europeas para garantizar la m\u00e1xima protecci\u00f3n.","publisher":{"@id":"https:\/\/arcasarbasal.com\/it\/#organization"},"potentialAction":[{"@type":"SearchAction","target":{"@type":"EntryPoint","urlTemplate":"https:\/\/arcasarbasal.com\/it\/?s={search_term_string}"},"query-input":{"@type":"PropertyValueSpecification","valueRequired":true,"valueName":"search_term_string"}}],"inLanguage":"it-IT"},{"@type":"Organization","@id":"https:\/\/arcasarbasal.com\/it\/#organization","name":"Arcas Arbasal","url":"https:\/\/arcasarbasal.com\/it\/","logo":{"@type":"ImageObject","inLanguage":"it-IT","@id":"https:\/\/arcasarbasal.com\/it\/#\/schema\/logo\/image\/","url":"https:\/\/arcasarbasal.com\/wp-content\/uploads\/2026\/02\/logo-arbasal-letras.png","contentUrl":"https:\/\/arcasarbasal.com\/wp-content\/uploads\/2026\/02\/logo-arbasal-letras.png","width":1344,"height":768,"caption":"Arcas Arbasal"},"image":{"@id":"https:\/\/arcasarbasal.com\/it\/#\/schema\/logo\/image\/"},"sameAs":["https:\/\/www.facebook.com\/arcasgruber"]}]}},"_links":{"self":[{"href":"https:\/\/arcasarbasal.com\/it\/wp-json\/wp\/v2\/pages\/13989","targetHints":{"allow":["GET"]}}],"collection":[{"href":"https:\/\/arcasarbasal.com\/it\/wp-json\/wp\/v2\/pages"}],"about":[{"href":"https:\/\/arcasarbasal.com\/it\/wp-json\/wp\/v2\/types\/page"}],"author":[{"embeddable":true,"href":"https:\/\/arcasarbasal.com\/it\/wp-json\/wp\/v2\/users\/1"}],"replies":[{"embeddable":true,"href":"https:\/\/arcasarbasal.com\/it\/wp-json\/wp\/v2\/comments?post=13989"}],"version-history":[{"count":0,"href":"https:\/\/arcasarbasal.com\/it\/wp-json\/wp\/v2\/pages\/13989\/revisions"}],"wp:attachment":[{"href":"https:\/\/arcasarbasal.com\/it\/wp-json\/wp\/v2\/media?parent=13989"}],"curies":[{"name":"wp","href":"https:\/\/api.w.org\/{rel}","templated":true}]}}