{"id":13957,"date":"2023-07-26T07:59:38","date_gmt":"2023-07-26T07:59:38","guid":{"rendered":"https:\/\/arcasarbasal.com\/blog\/"},"modified":"2024-01-16T07:44:02","modified_gmt":"2024-01-16T07:44:02","slug":"blog","status":"publish","type":"page","link":"https:\/\/arcasarbasal.com\/it\/blog\/","title":{"rendered":"Blog"},"content":{"rendered":"\t\t<div data-elementor-type=\"wp-page\" data-elementor-id=\"13957\" class=\"elementor elementor-13957 elementor-13479\">\n\t\t\t\t\t\t<section class=\"wd-negative-gap elementor-section elementor-top-section elementor-element elementor-element-78befa1 elementor-section-boxed elementor-section-height-default elementor-section-height-default\" data-id=\"78befa1\" data-element_type=\"section\" data-e-type=\"section\">\n\t\t\t\t\t\t<div class=\"elementor-container elementor-column-gap-default\">\n\t\t\t\t\t<div class=\"elementor-column elementor-col-100 elementor-top-column elementor-element elementor-element-00ebb11\" data-id=\"00ebb11\" data-element_type=\"column\" data-e-type=\"column\">\n\t\t\t<div class=\"elementor-widget-wrap elementor-element-populated\">\n\t\t\t\t\t\t<div class=\"elementor-element elementor-element-89d44a8 elementor-grid-3 elementor-grid-tablet-2 elementor-grid-mobile-1 elementor-posts--thumbnail-top elementor-card-shadow-yes elementor-posts__hover-gradient elementor-widget elementor-widget-posts\" data-id=\"89d44a8\" data-element_type=\"widget\" data-e-type=\"widget\" data-settings=\"{&quot;pagination_type&quot;:&quot;load_more_infinite_scroll&quot;,&quot;cards_columns&quot;:&quot;3&quot;,&quot;cards_columns_tablet&quot;:&quot;2&quot;,&quot;cards_columns_mobile&quot;:&quot;1&quot;,&quot;cards_row_gap&quot;:{&quot;unit&quot;:&quot;px&quot;,&quot;size&quot;:35,&quot;sizes&quot;:[]},&quot;cards_row_gap_tablet&quot;:{&quot;unit&quot;:&quot;px&quot;,&quot;size&quot;:&quot;&quot;,&quot;sizes&quot;:[]},&quot;cards_row_gap_mobile&quot;:{&quot;unit&quot;:&quot;px&quot;,&quot;size&quot;:&quot;&quot;,&quot;sizes&quot;:[]},&quot;load_more_spinner&quot;:{&quot;value&quot;:&quot;fas fa-spinner&quot;,&quot;library&quot;:&quot;fa-solid&quot;}}\" data-widget_type=\"posts.cards\">\n\t\t\t\t<div class=\"elementor-widget-container\">\n\t\t\t\t\t\t\t<div class=\"elementor-posts-container elementor-posts elementor-posts--skin-cards elementor-grid\">\n\t\t\t\t<article class=\"elementor-post elementor-grid-item post-16371 post type-post status-publish format-standard has-post-thumbnail hentry category-sicurezza\">\n\t\t\t<div class=\"elementor-post__card\">\n\t\t\t\t<a class=\"elementor-post__thumbnail__link\" href=\"https:\/\/arcasarbasal.com\/it\/puertas-blindadas-vs-puertas\/\" ><div class=\"elementor-post__thumbnail\"><img fetchpriority=\"high\" decoding=\"async\" width=\"640\" height=\"427\" src=\"https:\/\/arcasarbasal.com\/wp-content\/uploads\/2024\/09\/pexels-pixabay-279810.jpg\" class=\"attachment-full size-full wp-image-16367\" alt=\"Puertas Acorazadas\" srcset=\"https:\/\/arcasarbasal.com\/wp-content\/uploads\/2024\/09\/pexels-pixabay-279810.jpg 640w, https:\/\/arcasarbasal.com\/wp-content\/uploads\/2024\/09\/pexels-pixabay-279810-150x100.jpg 150w, https:\/\/arcasarbasal.com\/wp-content\/uploads\/2024\/09\/pexels-pixabay-279810-400x267.jpg 400w\" sizes=\"(max-width: 640px) 100vw, 640px\" \/><\/div><\/a>\n\t\t\t\t<div class=\"elementor-post__badge\">Sicurezza<\/div>\n\t\t\t\t<div class=\"elementor-post__text\">\n\t\t\t\t<h3 class=\"elementor-post__title\">\n\t\t\t<a href=\"https:\/\/arcasarbasal.com\/it\/puertas-blindadas-vs-puertas\/\" >\n\t\t\t\tPorte blindate vs. Porte blindate: quale opzione \u00e8 la migliore per la tua sicurezza?\nPorte blindate: qual \u00e8 l&#8217;opzione migliore per la tua sicurezza?\t\t\t<\/a>\n\t\t<\/h3>\n\t\t\t\t<div class=\"elementor-post__excerpt\">\n\t\t\t<p>Noi di Arcas Arbasal sappiamo che la sicurezza della tua casa o della tua azienda \u00e8 una priorit\u00e0. Quando si<\/p>\n\t\t<\/div>\n\t\t\n\t\t<a class=\"elementor-post__read-more\" href=\"https:\/\/arcasarbasal.com\/it\/puertas-blindadas-vs-puertas\/\" >\n\t\t\tPer saperne di pi\u00f9 \"\t\t<\/a>\n\n\t\t\t\t<\/div>\n\t\t\t\t<div class=\"elementor-post__meta-data\">\n\t\t\t\t\t<span class=\"elementor-post-date\">\n\t\t\t2 Settembre 2024\t\t<\/span>\n\t\t\t\t<\/div>\n\t\t\t\t\t<\/div>\n\t\t<\/article>\n\t\t\t\t<article class=\"elementor-post elementor-grid-item post-16253 post type-post status-publish format-standard has-post-thumbnail hentry category-caccia category-sicurezza\">\n\t\t\t<div class=\"elementor-post__card\">\n\t\t\t\t<a class=\"elementor-post__thumbnail__link\" href=\"https:\/\/arcasarbasal.com\/it\/perche-e-obbligatorio-avere-un-armatura-di-copertura\/\" ><div class=\"elementor-post__thumbnail\"><img decoding=\"async\" width=\"600\" height=\"600\" src=\"https:\/\/arcasarbasal.com\/wp-content\/uploads\/2023\/07\/Como-escoger-un-armero-homologado-1.jpg\" class=\"attachment-full size-full wp-image-13507\" alt=\"Como escoger un armero homologado\" srcset=\"https:\/\/arcasarbasal.com\/wp-content\/uploads\/2023\/07\/Como-escoger-un-armero-homologado-1.jpg 600w, https:\/\/arcasarbasal.com\/wp-content\/uploads\/2023\/07\/Como-escoger-un-armero-homologado-1-430x430.jpg 430w, https:\/\/arcasarbasal.com\/wp-content\/uploads\/2023\/07\/Como-escoger-un-armero-homologado-1-150x150.jpg 150w, https:\/\/arcasarbasal.com\/wp-content\/uploads\/2023\/07\/Como-escoger-un-armero-homologado-1-300x300.jpg 300w\" sizes=\"(max-width: 600px) 100vw, 600px\" \/><\/div><\/a>\n\t\t\t\t<div class=\"elementor-post__badge\">Caccia<\/div>\n\t\t\t\t<div class=\"elementor-post__text\">\n\t\t\t\t<h3 class=\"elementor-post__title\">\n\t\t\t<a href=\"https:\/\/arcasarbasal.com\/it\/perche-e-obbligatorio-avere-un-armatura-di-copertura\/\" >\n\t\t\t\tPerch\u00e9 \u00e8 obbligatorio avere un armaiolo per i fucili da caccia?\t\t\t<\/a>\n\t\t<\/h3>\n\t\t\t\t<div class=\"elementor-post__excerpt\">\n\t\t\t<p>Nel mondo della caccia, del tiro sportivo o semplicemente della passione per le armi da fuoco, la responsabilit\u00e0 e il<\/p>\n\t\t<\/div>\n\t\t\n\t\t<a class=\"elementor-post__read-more\" href=\"https:\/\/arcasarbasal.com\/it\/perche-e-obbligatorio-avere-un-armatura-di-copertura\/\" >\n\t\t\tPer saperne di pi\u00f9 \"\t\t<\/a>\n\n\t\t\t\t<\/div>\n\t\t\t\t<div class=\"elementor-post__meta-data\">\n\t\t\t\t\t<span class=\"elementor-post-date\">\n\t\t\t2 Maggio 2024\t\t<\/span>\n\t\t\t\t<\/div>\n\t\t\t\t\t<\/div>\n\t\t<\/article>\n\t\t\t\t<article class=\"elementor-post elementor-grid-item post-13897 post type-post status-publish format-standard has-post-thumbnail hentry category-sicurezza\">\n\t\t\t<div class=\"elementor-post__card\">\n\t\t\t\t<a class=\"elementor-post__thumbnail__link\" href=\"https:\/\/arcasarbasal.com\/it\/caratteristiche-delle-rastrelliere-per-armi-di-grado-3-approvate\/\" ><div class=\"elementor-post__thumbnail\"><img decoding=\"async\" width=\"600\" height=\"600\" src=\"https:\/\/arcasarbasal.com\/wp-content\/uploads\/2023\/07\/Como-escoger-un-armero-homologado-1.jpg\" class=\"attachment-full size-full wp-image-13507\" alt=\"Como escoger un armero homologado\" srcset=\"https:\/\/arcasarbasal.com\/wp-content\/uploads\/2023\/07\/Como-escoger-un-armero-homologado-1.jpg 600w, https:\/\/arcasarbasal.com\/wp-content\/uploads\/2023\/07\/Como-escoger-un-armero-homologado-1-430x430.jpg 430w, https:\/\/arcasarbasal.com\/wp-content\/uploads\/2023\/07\/Como-escoger-un-armero-homologado-1-150x150.jpg 150w, https:\/\/arcasarbasal.com\/wp-content\/uploads\/2023\/07\/Como-escoger-un-armero-homologado-1-300x300.jpg 300w\" sizes=\"(max-width: 600px) 100vw, 600px\" \/><\/div><\/a>\n\t\t\t\t<div class=\"elementor-post__badge\">Sicurezza<\/div>\n\t\t\t\t<div class=\"elementor-post__text\">\n\t\t\t\t<h3 class=\"elementor-post__title\">\n\t\t\t<a href=\"https:\/\/arcasarbasal.com\/it\/caratteristiche-delle-rastrelliere-per-armi-di-grado-3-approvate\/\" >\n\t\t\t\tCaratteristiche delle rastrelliere per armi di grado 3 approvate\t\t\t<\/a>\n\t\t<\/h3>\n\t\t\t\t<div class=\"elementor-post__excerpt\">\n\t\t\t<p>Le rastrelliere per armi approvate di grado 3 sono le rastrelliere per armi pi\u00f9 sicure disponibili sul mercato. Sono progettati<\/p>\n\t\t<\/div>\n\t\t\n\t\t<a class=\"elementor-post__read-more\" href=\"https:\/\/arcasarbasal.com\/it\/caratteristiche-delle-rastrelliere-per-armi-di-grado-3-approvate\/\" >\n\t\t\tPer saperne di pi\u00f9 \"\t\t<\/a>\n\n\t\t\t\t<\/div>\n\t\t\t\t<div class=\"elementor-post__meta-data\">\n\t\t\t\t\t<span class=\"elementor-post-date\">\n\t\t\t4 Dicembre 2023\t\t<\/span>\n\t\t\t\t<\/div>\n\t\t\t\t\t<\/div>\n\t\t<\/article>\n\t\t\t\t<article class=\"elementor-post elementor-grid-item post-13899 post type-post status-publish format-standard has-post-thumbnail hentry category-sicurezza\">\n\t\t\t<div class=\"elementor-post__card\">\n\t\t\t\t<a class=\"elementor-post__thumbnail__link\" href=\"https:\/\/arcasarbasal.com\/it\/come-approvare-un-armaiolo\/\" ><div class=\"elementor-post__thumbnail\"><img decoding=\"async\" width=\"500\" height=\"350\" src=\"https:\/\/arcasarbasal.com\/wp-content\/uploads\/2023\/08\/Homologar-un-armero-e1738148253782.jpg\" class=\"attachment-full size-full wp-image-13633\" alt=\"Homologar un armero\" srcset=\"https:\/\/arcasarbasal.com\/wp-content\/uploads\/2023\/08\/Homologar-un-armero-e1738148253782.jpg 500w, https:\/\/arcasarbasal.com\/wp-content\/uploads\/2023\/08\/Homologar-un-armero-e1738148253782-150x105.jpg 150w\" sizes=\"(max-width: 500px) 100vw, 500px\" \/><\/div><\/a>\n\t\t\t\t<div class=\"elementor-post__badge\">Sicurezza<\/div>\n\t\t\t\t<div class=\"elementor-post__text\">\n\t\t\t\t<h3 class=\"elementor-post__title\">\n\t\t\t<a href=\"https:\/\/arcasarbasal.com\/it\/come-approvare-un-armaiolo\/\" >\n\t\t\t\tCome approvare un armaiolo?\t\t\t<\/a>\n\t\t<\/h3>\n\t\t\t\t<div class=\"elementor-post__excerpt\">\n\t\t\t<p>Le rastrelliere per armi approvate sono le pi\u00f9 sicure sul mercato. Per questo motivo, da Arcas Arbasal vogliamo che tu<\/p>\n\t\t<\/div>\n\t\t\n\t\t<a class=\"elementor-post__read-more\" href=\"https:\/\/arcasarbasal.com\/it\/come-approvare-un-armaiolo\/\" >\n\t\t\tPer saperne di pi\u00f9 \"\t\t<\/a>\n\n\t\t\t\t<\/div>\n\t\t\t\t<div class=\"elementor-post__meta-data\">\n\t\t\t\t\t<span class=\"elementor-post-date\">\n\t\t\t4 Agosto 2023\t\t<\/span>\n\t\t\t\t<\/div>\n\t\t\t\t\t<\/div>\n\t\t<\/article>\n\t\t\t\t<article class=\"elementor-post elementor-grid-item post-13943 post type-post status-publish format-standard has-post-thumbnail hentry category-sicurezza\">\n\t\t\t<div class=\"elementor-post__card\">\n\t\t\t\t<a class=\"elementor-post__thumbnail__link\" href=\"https:\/\/arcasarbasal.com\/it\/come-scegliere-il-perfetto-armaiolo-autorizzato\/\" ><div class=\"elementor-post__thumbnail\"><img decoding=\"async\" width=\"600\" height=\"600\" src=\"https:\/\/arcasarbasal.com\/wp-content\/uploads\/2023\/07\/Como-escoger-un-armero-homologado-1.jpg\" class=\"attachment-full size-full wp-image-13507\" alt=\"Como escoger un armero homologado\" srcset=\"https:\/\/arcasarbasal.com\/wp-content\/uploads\/2023\/07\/Como-escoger-un-armero-homologado-1.jpg 600w, https:\/\/arcasarbasal.com\/wp-content\/uploads\/2023\/07\/Como-escoger-un-armero-homologado-1-430x430.jpg 430w, https:\/\/arcasarbasal.com\/wp-content\/uploads\/2023\/07\/Como-escoger-un-armero-homologado-1-150x150.jpg 150w, https:\/\/arcasarbasal.com\/wp-content\/uploads\/2023\/07\/Como-escoger-un-armero-homologado-1-300x300.jpg 300w\" sizes=\"(max-width: 600px) 100vw, 600px\" \/><\/div><\/a>\n\t\t\t\t<div class=\"elementor-post__badge\">Sicurezza<\/div>\n\t\t\t\t<div class=\"elementor-post__text\">\n\t\t\t\t<h3 class=\"elementor-post__title\">\n\t\t\t<a href=\"https:\/\/arcasarbasal.com\/it\/come-scegliere-il-perfetto-armaiolo-autorizzato\/\" >\n\t\t\t\tCome scegliere il perfetto armaiolo autorizzato?\t\t\t<\/a>\n\t\t<\/h3>\n\t\t\t\t<div class=\"elementor-post__excerpt\">\n\t\t\t<p>Uno dei fattori pi\u00f9 importanti nell&#8217;avere armi da fuoco in casa \u00e8 la loro conservazione e custodia. \u00c8 sempre importante<\/p>\n\t\t<\/div>\n\t\t\n\t\t<a class=\"elementor-post__read-more\" href=\"https:\/\/arcasarbasal.com\/it\/come-scegliere-il-perfetto-armaiolo-autorizzato\/\" >\n\t\t\tPer saperne di pi\u00f9 \"\t\t<\/a>\n\n\t\t\t\t<\/div>\n\t\t\t\t<div class=\"elementor-post__meta-data\">\n\t\t\t\t\t<span class=\"elementor-post-date\">\n\t\t\t26 Luglio 2023\t\t<\/span>\n\t\t\t\t<\/div>\n\t\t\t\t\t<\/div>\n\t\t<\/article>\n\t\t\t\t<article class=\"elementor-post elementor-grid-item post-13999 post type-post status-publish format-standard has-post-thumbnail hentry category-caccia category-sicurezza\">\n\t\t\t<div class=\"elementor-post__card\">\n\t\t\t\t<a class=\"elementor-post__thumbnail__link\" href=\"https:\/\/arcasarbasal.com\/it\/quando-e-necessario-avere-un-armaiolo-in-casa\/\" ><div class=\"elementor-post__thumbnail\"><img loading=\"lazy\" decoding=\"async\" width=\"413\" height=\"580\" src=\"https:\/\/arcasarbasal.com\/wp-content\/uploads\/2023\/02\/Vista-realista-CF-940-III-e1677235572797.jpg\" class=\"attachment-full size-full wp-image-13271\" alt=\"\" srcset=\"https:\/\/arcasarbasal.com\/wp-content\/uploads\/2023\/02\/Vista-realista-CF-940-III-e1677235572797.jpg 413w, https:\/\/arcasarbasal.com\/wp-content\/uploads\/2023\/02\/Vista-realista-CF-940-III-e1677235572797-150x211.jpg 150w, https:\/\/arcasarbasal.com\/wp-content\/uploads\/2023\/02\/Vista-realista-CF-940-III-e1677235572797-214x300.jpg 214w\" sizes=\"(max-width: 413px) 100vw, 413px\" \/><\/div><\/a>\n\t\t\t\t<div class=\"elementor-post__badge\">Caccia<\/div>\n\t\t\t\t<div class=\"elementor-post__text\">\n\t\t\t\t<h3 class=\"elementor-post__title\">\n\t\t\t<a href=\"https:\/\/arcasarbasal.com\/it\/quando-e-necessario-avere-un-armaiolo-in-casa\/\" >\n\t\t\t\tQuando \u00e8 necessario avere un armaiolo in casa?\t\t\t<\/a>\n\t\t<\/h3>\n\t\t\t\t<div class=\"elementor-post__excerpt\">\n\t\t\t<p>Una delle domande pi\u00f9 frequenti poste dai cacciatori \u00e8: &#8220;Quando devo riporre il mio fucile in una rastrelliera? . In<\/p>\n\t\t<\/div>\n\t\t\n\t\t<a class=\"elementor-post__read-more\" href=\"https:\/\/arcasarbasal.com\/it\/quando-e-necessario-avere-un-armaiolo-in-casa\/\" >\n\t\t\tPer saperne di pi\u00f9 \"\t\t<\/a>\n\n\t\t\t\t<\/div>\n\t\t\t\t<div class=\"elementor-post__meta-data\">\n\t\t\t\t\t<span class=\"elementor-post-date\">\n\t\t\t3 Marzo 2023\t\t<\/span>\n\t\t\t\t<\/div>\n\t\t\t\t\t<\/div>\n\t\t<\/article>\n\t\t\t\t<\/div>\n\t\t\t\t\t<span class=\"e-load-more-spinner\">\n\t\t\t\t<i aria-hidden=\"true\" class=\"fas fa-spinner\"><\/i>\t\t\t<\/span>\n\t\t\n\t\t\t\t<div class=\"e-load-more-anchor\" data-page=\"1\" data-max-page=\"2\" data-next-page=\"https:\/\/arcasarbasal.com\/it\/wp-json\/wp\/v2\/pages\/13957\/page\/2\/\"><\/div>\n\t\t\t\t<div class=\"e-load-more-message\"><\/div>\n\t\t\t\t\t\t<\/div>\n\t\t\t\t<\/div>\n\t\t\t\t\t<\/div>\n\t\t<\/div>\n\t\t\t\t\t<\/div>\n\t\t<\/section>\n\t\t\t\t<\/div>\n\t\t","protected":false},"excerpt":{"rendered":"","protected":false},"author":1,"featured_media":13229,"parent":0,"menu_order":0,"comment_status":"closed","ping_status":"closed","template":"elementor_header_footer","meta":{"_acf_changed":false,"footnotes":""},"class_list":["post-13957","page","type-page","status-publish","has-post-thumbnail","hentry"],"acf":[],"yoast_head":"<!-- This site is optimized with the Yoast SEO plugin v27.4 - https:\/\/yoast.com\/product\/yoast-seo-wordpress\/ -->\n<title>Blog - Arcas Arbasal \u2013 Fabricante de dep\u00f3sitos de armas certificados<\/title>\n<meta name=\"robots\" content=\"index, follow, max-snippet:-1, max-image-preview:large, max-video-preview:-1\" \/>\n<link rel=\"canonical\" href=\"https:\/\/arcasarbasal.com\/it\/blog\/\" \/>\n<meta property=\"og:locale\" content=\"it_IT\" \/>\n<meta property=\"og:type\" content=\"article\" \/>\n<meta property=\"og:title\" content=\"Blog - Arcas Arbasal \u2013 Fabricante de dep\u00f3sitos de armas certificados\" \/>\n<meta property=\"og:url\" content=\"https:\/\/arcasarbasal.com\/it\/blog\/\" \/>\n<meta property=\"og:site_name\" content=\"Arcas Arbasal \u2013 Fabricante de dep\u00f3sitos de armas certificados\" \/>\n<meta property=\"article:publisher\" content=\"https:\/\/www.facebook.com\/arcasgruber\" \/>\n<meta property=\"article:modified_time\" content=\"2024-01-16T07:44:02+00:00\" \/>\n<meta property=\"og:image\" content=\"https:\/\/arcasarbasal.com\/wp-content\/uploads\/2023\/02\/DSC_4232-scaled-e1676917625501.jpg\" \/>\n\t<meta property=\"og:image:width\" content=\"1000\" \/>\n\t<meta property=\"og:image:height\" content=\"572\" \/>\n\t<meta property=\"og:image:type\" content=\"image\/jpeg\" \/>\n<meta name=\"twitter:card\" content=\"summary_large_image\" \/>\n<script type=\"application\/ld+json\" class=\"yoast-schema-graph\">{\"@context\":\"https:\\\/\\\/schema.org\",\"@graph\":[{\"@type\":\"WebPage\",\"@id\":\"https:\\\/\\\/arcasarbasal.com\\\/it\\\/blog\\\/\",\"url\":\"https:\\\/\\\/arcasarbasal.com\\\/it\\\/blog\\\/\",\"name\":\"Blog - Arcas Arbasal \u2013 Fabricante de dep\u00f3sitos de armas certificados\",\"isPartOf\":{\"@id\":\"https:\\\/\\\/arcasarbasal.com\\\/it\\\/#website\"},\"primaryImageOfPage\":{\"@id\":\"https:\\\/\\\/arcasarbasal.com\\\/it\\\/blog\\\/#primaryimage\"},\"image\":{\"@id\":\"https:\\\/\\\/arcasarbasal.com\\\/it\\\/blog\\\/#primaryimage\"},\"thumbnailUrl\":\"https:\\\/\\\/arcasarbasal.com\\\/wp-content\\\/uploads\\\/2023\\\/02\\\/DSC_4232-scaled-e1676917625501.jpg\",\"datePublished\":\"2023-07-26T07:59:38+00:00\",\"dateModified\":\"2024-01-16T07:44:02+00:00\",\"breadcrumb\":{\"@id\":\"https:\\\/\\\/arcasarbasal.com\\\/it\\\/blog\\\/#breadcrumb\"},\"inLanguage\":\"it-IT\",\"potentialAction\":[{\"@type\":\"ReadAction\",\"target\":[\"https:\\\/\\\/arcasarbasal.com\\\/it\\\/blog\\\/\"]}]},{\"@type\":\"ImageObject\",\"inLanguage\":\"it-IT\",\"@id\":\"https:\\\/\\\/arcasarbasal.com\\\/it\\\/blog\\\/#primaryimage\",\"url\":\"https:\\\/\\\/arcasarbasal.com\\\/wp-content\\\/uploads\\\/2023\\\/02\\\/DSC_4232-scaled-e1676917625501.jpg\",\"contentUrl\":\"https:\\\/\\\/arcasarbasal.com\\\/wp-content\\\/uploads\\\/2023\\\/02\\\/DSC_4232-scaled-e1676917625501.jpg\",\"width\":1000,\"height\":572},{\"@type\":\"BreadcrumbList\",\"@id\":\"https:\\\/\\\/arcasarbasal.com\\\/it\\\/blog\\\/#breadcrumb\",\"itemListElement\":[{\"@type\":\"ListItem\",\"position\":1,\"name\":\"Portada\",\"item\":\"https:\\\/\\\/arcasarbasal.com\\\/it\\\/\"},{\"@type\":\"ListItem\",\"position\":2,\"name\":\"Blog\"}]},{\"@type\":\"WebSite\",\"@id\":\"https:\\\/\\\/arcasarbasal.com\\\/it\\\/#website\",\"url\":\"https:\\\/\\\/arcasarbasal.com\\\/it\\\/\",\"name\":\"Arcas Arbasal\",\"description\":\"Arcas Arbasal, especialistas en la Fabricaci\u00f3n de dep\u00f3sitos de armas certificados. Cumplimos con las normativas europeas para garantizar la m\u00e1xima protecci\u00f3n.\",\"publisher\":{\"@id\":\"https:\\\/\\\/arcasarbasal.com\\\/it\\\/#organization\"},\"potentialAction\":[{\"@type\":\"SearchAction\",\"target\":{\"@type\":\"EntryPoint\",\"urlTemplate\":\"https:\\\/\\\/arcasarbasal.com\\\/it\\\/?s={search_term_string}\"},\"query-input\":{\"@type\":\"PropertyValueSpecification\",\"valueRequired\":true,\"valueName\":\"search_term_string\"}}],\"inLanguage\":\"it-IT\"},{\"@type\":\"Organization\",\"@id\":\"https:\\\/\\\/arcasarbasal.com\\\/it\\\/#organization\",\"name\":\"Arcas Arbasal\",\"url\":\"https:\\\/\\\/arcasarbasal.com\\\/it\\\/\",\"logo\":{\"@type\":\"ImageObject\",\"inLanguage\":\"it-IT\",\"@id\":\"https:\\\/\\\/arcasarbasal.com\\\/it\\\/#\\\/schema\\\/logo\\\/image\\\/\",\"url\":\"https:\\\/\\\/arcasarbasal.com\\\/wp-content\\\/uploads\\\/2026\\\/02\\\/logo-arbasal-letras.png\",\"contentUrl\":\"https:\\\/\\\/arcasarbasal.com\\\/wp-content\\\/uploads\\\/2026\\\/02\\\/logo-arbasal-letras.png\",\"width\":1344,\"height\":768,\"caption\":\"Arcas Arbasal\"},\"image\":{\"@id\":\"https:\\\/\\\/arcasarbasal.com\\\/it\\\/#\\\/schema\\\/logo\\\/image\\\/\"},\"sameAs\":[\"https:\\\/\\\/www.facebook.com\\\/arcasgruber\"]}]}<\/script>\n<!-- \/ Yoast SEO plugin. -->","yoast_head_json":{"title":"Blog - Arcas Arbasal \u2013 Fabricante de dep\u00f3sitos de armas certificados","robots":{"index":"index","follow":"follow","max-snippet":"max-snippet:-1","max-image-preview":"max-image-preview:large","max-video-preview":"max-video-preview:-1"},"canonical":"https:\/\/arcasarbasal.com\/it\/blog\/","og_locale":"it_IT","og_type":"article","og_title":"Blog - Arcas Arbasal \u2013 Fabricante de dep\u00f3sitos de armas certificados","og_url":"https:\/\/arcasarbasal.com\/it\/blog\/","og_site_name":"Arcas Arbasal \u2013 Fabricante de dep\u00f3sitos de armas certificados","article_publisher":"https:\/\/www.facebook.com\/arcasgruber","article_modified_time":"2024-01-16T07:44:02+00:00","og_image":[{"width":1000,"height":572,"url":"https:\/\/arcasarbasal.com\/wp-content\/uploads\/2023\/02\/DSC_4232-scaled-e1676917625501.jpg","type":"image\/jpeg"}],"twitter_card":"summary_large_image","schema":{"@context":"https:\/\/schema.org","@graph":[{"@type":"WebPage","@id":"https:\/\/arcasarbasal.com\/it\/blog\/","url":"https:\/\/arcasarbasal.com\/it\/blog\/","name":"Blog - Arcas Arbasal \u2013 Fabricante de dep\u00f3sitos de armas certificados","isPartOf":{"@id":"https:\/\/arcasarbasal.com\/it\/#website"},"primaryImageOfPage":{"@id":"https:\/\/arcasarbasal.com\/it\/blog\/#primaryimage"},"image":{"@id":"https:\/\/arcasarbasal.com\/it\/blog\/#primaryimage"},"thumbnailUrl":"https:\/\/arcasarbasal.com\/wp-content\/uploads\/2023\/02\/DSC_4232-scaled-e1676917625501.jpg","datePublished":"2023-07-26T07:59:38+00:00","dateModified":"2024-01-16T07:44:02+00:00","breadcrumb":{"@id":"https:\/\/arcasarbasal.com\/it\/blog\/#breadcrumb"},"inLanguage":"it-IT","potentialAction":[{"@type":"ReadAction","target":["https:\/\/arcasarbasal.com\/it\/blog\/"]}]},{"@type":"ImageObject","inLanguage":"it-IT","@id":"https:\/\/arcasarbasal.com\/it\/blog\/#primaryimage","url":"https:\/\/arcasarbasal.com\/wp-content\/uploads\/2023\/02\/DSC_4232-scaled-e1676917625501.jpg","contentUrl":"https:\/\/arcasarbasal.com\/wp-content\/uploads\/2023\/02\/DSC_4232-scaled-e1676917625501.jpg","width":1000,"height":572},{"@type":"BreadcrumbList","@id":"https:\/\/arcasarbasal.com\/it\/blog\/#breadcrumb","itemListElement":[{"@type":"ListItem","position":1,"name":"Portada","item":"https:\/\/arcasarbasal.com\/it\/"},{"@type":"ListItem","position":2,"name":"Blog"}]},{"@type":"WebSite","@id":"https:\/\/arcasarbasal.com\/it\/#website","url":"https:\/\/arcasarbasal.com\/it\/","name":"Arcas Arbasal","description":"Arcas Arbasal, especialistas en la Fabricaci\u00f3n de dep\u00f3sitos de armas certificados. Cumplimos con las normativas europeas para garantizar la m\u00e1xima protecci\u00f3n.","publisher":{"@id":"https:\/\/arcasarbasal.com\/it\/#organization"},"potentialAction":[{"@type":"SearchAction","target":{"@type":"EntryPoint","urlTemplate":"https:\/\/arcasarbasal.com\/it\/?s={search_term_string}"},"query-input":{"@type":"PropertyValueSpecification","valueRequired":true,"valueName":"search_term_string"}}],"inLanguage":"it-IT"},{"@type":"Organization","@id":"https:\/\/arcasarbasal.com\/it\/#organization","name":"Arcas Arbasal","url":"https:\/\/arcasarbasal.com\/it\/","logo":{"@type":"ImageObject","inLanguage":"it-IT","@id":"https:\/\/arcasarbasal.com\/it\/#\/schema\/logo\/image\/","url":"https:\/\/arcasarbasal.com\/wp-content\/uploads\/2026\/02\/logo-arbasal-letras.png","contentUrl":"https:\/\/arcasarbasal.com\/wp-content\/uploads\/2026\/02\/logo-arbasal-letras.png","width":1344,"height":768,"caption":"Arcas Arbasal"},"image":{"@id":"https:\/\/arcasarbasal.com\/it\/#\/schema\/logo\/image\/"},"sameAs":["https:\/\/www.facebook.com\/arcasgruber"]}]}},"_links":{"self":[{"href":"https:\/\/arcasarbasal.com\/it\/wp-json\/wp\/v2\/pages\/13957","targetHints":{"allow":["GET"]}}],"collection":[{"href":"https:\/\/arcasarbasal.com\/it\/wp-json\/wp\/v2\/pages"}],"about":[{"href":"https:\/\/arcasarbasal.com\/it\/wp-json\/wp\/v2\/types\/page"}],"author":[{"embeddable":true,"href":"https:\/\/arcasarbasal.com\/it\/wp-json\/wp\/v2\/users\/1"}],"replies":[{"embeddable":true,"href":"https:\/\/arcasarbasal.com\/it\/wp-json\/wp\/v2\/comments?post=13957"}],"version-history":[{"count":0,"href":"https:\/\/arcasarbasal.com\/it\/wp-json\/wp\/v2\/pages\/13957\/revisions"}],"wp:featuredmedia":[{"embeddable":true,"href":"https:\/\/arcasarbasal.com\/it\/wp-json\/wp\/v2\/media\/13229"}],"wp:attachment":[{"href":"https:\/\/arcasarbasal.com\/it\/wp-json\/wp\/v2\/media?parent=13957"}],"curies":[{"name":"wp","href":"https:\/\/api.w.org\/{rel}","templated":true}]}}